{"id":239353,"date":"2023-07-26T13:06:06","date_gmt":"2023-07-26T20:06:06","guid":{"rendered":"https:\/\/ulink-da.com\/so-verwenden-sie-da-drive-analyzer\/"},"modified":"2025-03-28T11:31:36","modified_gmt":"2025-03-28T18:31:36","slug":"so-verwenden-sie-da-drive-analyzer","status":"publish","type":"page","link":"https:\/\/ulink-da.com\/de\/so-verwenden-sie-da-drive-analyzer\/","title":{"rendered":"So verwenden Sie DA Drive Analyzer"},"content":{"rendered":"<p>[et_pb_section fb_built=&#8221;1&#8243; fullwidth=&#8221;on&#8221; disabled_on=&#8221;off|off|off&#8221; _builder_version=&#8221;4.19.1&#8243; _module_preset=&#8221;default&#8221; global_colors_info=&#8221;{}&#8221;][et_pb_fullwidth_image src=&#8221;https:\/\/ulink-da.com\/wp-content\/uploads\/2022\/05\/Frame-2.png&#8221; alt=&#8221;DA Drive Analyzer Front Banner 220520&#8243; title_text=&#8221;Frame 2&#8243; _builder_version=&#8221;4.17.4&#8243; _module_preset=&#8221;default&#8221; global_colors_info=&#8221;{}&#8221;][\/et_pb_fullwidth_image][\/et_pb_section][et_pb_section fb_built=&#8221;1&#8243; _builder_version=&#8221;4.16&#8243; _module_preset=&#8221;default&#8221; global_colors_info=&#8221;{}&#8221;][et_pb_row _builder_version=&#8221;4.21.0&#8243; _module_preset=&#8221;default&#8221; global_colors_info=&#8221;{}&#8221;][et_pb_column type=&#8221;4_4&#8243; _builder_version=&#8221;4.16&#8243; _module_preset=&#8221;default&#8221; global_colors_info=&#8221;{}&#8221;][et_pb_text _builder_version=&#8221;4.27.4&#8243; _module_preset=&#8221;default&#8221; header_2_font=&#8221;|700||on|||||&#8221; header_2_font_size=&#8221;48px&#8221; header_2_line_height=&#8221;1.4em&#8221; custom_padding=&#8221;|||15px|false|false&#8221; border_width_left=&#8221;10px&#8221; border_color_left=&#8221;#ff5400&#8243; global_colors_info=&#8221;{}&#8221;]<\/p>\n<h1>SO VERWENDEN SIE DA DRIVE ANALYZER:<\/h1>\n<p>[\/et_pb_text][et_pb_text _builder_version=&#8221;4.27.4&#8243; _module_preset=&#8221;default&#8221; text_font_size=&#8221;25px&#8221; text_letter_spacing=&#8221;1px&#8221; text_line_height=&#8221;1.8em&#8221; global_colors_info=&#8221;{}&#8221;]<\/p>\n<p>Erste Schritte:<\/p>\n<p>1. Besorgen Sie sich die passende Lizenz f\u00fcr Ihren Laufwerkshost.<\/p>\n<p>Lizenzen f\u00fcr QNAP-Laufwerke finden Sie<a href=\"https:\/\/software.qnap.com\/da-drive-analyzer.html?\"> hier<\/a>.<br \/>Lizenzen f\u00fcr Windows-PC-Laufwerke finden Sie<a href=\"https:\/\/ulink-da.com\/shop_pc\/\"> hier.<\/a><br \/>Lizenzen f\u00fcr ASUSTOR NAS-Laufwerke finden Sie <a href=\"https:\/\/ulink-da.com\/shop_asustor_nas\/\">hier<\/a>.<\/p>\n<p>2. Installieren Sie eine der folgenden DA Drive Analyzer-Anwendungen, um Ihre Laufwerkszustandsdaten f\u00fcr die Analyse zu erfassen:<\/p>\n<p><a href=\"https:\/\/ulink-da.com\/de\/da_smartquest\/\">DA SmartQuest<\/a><br \/><a href=\"https:\/\/www.qnap.com\/en-us\/how-to\/tutorial\/article\/how-to-set-up-ulink-da-drive-analyzer-on-your-qnap-nas\">QNAP NAS App<\/a><br \/><a href=\"https:\/\/ulink-da.com\/de\/asustor-nas-app\/\">ASUSTOR NAS App<\/a><\/p>\n<p>DA Drive Analyzer ist DSGVO-konform und erfasst keine Inhalte, die von Nutzern absichtlich auf ihre Laufwerke geschrieben werden, wie z. B. Dokumente, Bilder und Videos.<\/p>\n<p>3. Sehen Sie sich die Ergebnisse unserer Laufwerkszustandsanalysen, einschlie\u00dflich Warnmeldungen und Laufwerkszustandstrends, in einer der folgenden Anwendungen an:<\/p>\n<p>Eine der Apps aus Schritt 2<br \/><a href=\"https:\/\/ulink-da.com\/de\/da_monitor\/\">DA Monitor<\/a><br \/>DA Portal (Link zur passenden DA Portal-Version unter Men\u00fc &gt;&gt; DA Portal &gt;&gt;)<\/p>\n<p>Spezifische Benutzerhandb\u00fccher finden Sie auf unserer <a href=\"https:\/\/ulink-da.com\/de\/resources\/\">Ressourcenseite<\/a>.<\/p>\n<p>Weitere Informationen zum DA Drive Analyzer finden Sie in unserem <a href=\"https:\/\/ulinktechda.zendesk.com\/hc\/en-us\">Hilfecenter<\/a>.<\/p>\n<p>[\/et_pb_text][\/et_pb_column][\/et_pb_row][\/et_pb_section]<\/p>\n","protected":false},"excerpt":{"rendered":"<p>SO VERWENDEN SIE DA DRIVE ANALYZER:Erste Schritte: 1. Besorgen Sie sich die passende Lizenz f\u00fcr Ihren Laufwerkshost. Lizenzen f\u00fcr QNAP-Laufwerke finden Sie hier.Lizenzen f\u00fcr Windows-PC-Laufwerke finden Sie hier.Lizenzen f\u00fcr ASUSTOR NAS-Laufwerke finden Sie hier. 2. Installieren Sie eine der folgenden DA Drive Analyzer-Anwendungen, um Ihre Laufwerkszustandsdaten f\u00fcr die Analyse zu erfassen: DA SmartQuestQNAP NAS AppASUSTOR NAS App DA Drive Analyzer ist DSGVO-konform und erfasst keine Inhalte, die von Nutzern absichtlich auf ihre Laufwerke geschrieben werden, wie z. B. Dokumente, Bilder und Videos. 3. Sehen Sie sich die Ergebnisse unserer Laufwerkszustandsanalysen, einschlie\u00dflich Warnmeldungen und Laufwerkszustandstrends, in einer der folgenden Anwendungen an: Eine der Apps aus Schritt 2DA MonitorDA Portal (Link zur passenden DA Portal-Version unter Men\u00fc &gt;&gt; DA Portal &gt;&gt;) Spezifische Benutzerhandb\u00fccher finden Sie auf unserer Ressourcenseite. Weitere Informationen zum DA Drive Analyzer finden Sie in unserem Hilfecenter.<\/p>\n","protected":false},"author":55,"featured_media":0,"parent":0,"menu_order":0,"comment_status":"closed","ping_status":"closed","template":"","meta":{"_et_pb_use_builder":"on","_et_pb_old_content":"","_et_gb_content_width":"","footnotes":""},"class_list":["post-239353","page","type-page","status-publish","hentry"],"yoast_head":"<!-- This site is optimized with the Yoast SEO plugin v27.4 - https:\/\/yoast.com\/product\/yoast-seo-wordpress\/ -->\n<title>How to Use DA Drive Analyzer - ULINK DA Drive Analyzer<\/title>\n<meta name=\"description\" content=\"Learn how to set up and use DA Drive Analyzer to monitor HDD health, detect failures early, and improve drive speed. Step-by-step guide included!\" \/>\n<meta name=\"robots\" content=\"index, follow, max-snippet:-1, max-image-preview:large, max-video-preview:-1\" \/>\n<link rel=\"canonical\" href=\"https:\/\/ulink-da.com\/de\/so-verwenden-sie-da-drive-analyzer\/\" \/>\n<meta property=\"og:locale\" content=\"de_DE\" \/>\n<meta property=\"og:type\" content=\"article\" \/>\n<meta property=\"og:title\" content=\"How to Use DA Drive Analyzer - ULINK DA Drive Analyzer\" \/>\n<meta property=\"og:description\" content=\"Learn how to set up and use DA Drive Analyzer to monitor HDD health, detect failures early, and improve drive speed. Step-by-step guide included!\" \/>\n<meta property=\"og:url\" content=\"https:\/\/ulink-da.com\/de\/so-verwenden-sie-da-drive-analyzer\/\" \/>\n<meta property=\"og:site_name\" content=\"ULINK DA Drive Analyzer\" \/>\n<meta property=\"article:modified_time\" content=\"2025-03-28T18:31:36+00:00\" \/>\n<meta name=\"twitter:card\" content=\"summary_large_image\" \/>\n<meta name=\"twitter:label1\" content=\"Gesch\u00e4tzte Lesezeit\" \/>\n\t<meta name=\"twitter:data1\" content=\"2\u00a0Minuten\" \/>\n<script type=\"application\/ld+json\" class=\"yoast-schema-graph\">{\"@context\":\"https:\\\/\\\/schema.org\",\"@graph\":[{\"@type\":\"WebPage\",\"@id\":\"https:\\\/\\\/ulink-da.com\\\/de\\\/so-verwenden-sie-da-drive-analyzer\\\/\",\"url\":\"https:\\\/\\\/ulink-da.com\\\/de\\\/so-verwenden-sie-da-drive-analyzer\\\/\",\"name\":\"How to Use DA Drive Analyzer - ULINK DA Drive Analyzer\",\"isPartOf\":{\"@id\":\"https:\\\/\\\/ulink-da.com\\\/de\\\/#website\"},\"datePublished\":\"2023-07-26T20:06:06+00:00\",\"dateModified\":\"2025-03-28T18:31:36+00:00\",\"description\":\"Learn how to set up and use DA Drive Analyzer to monitor HDD health, detect failures early, and improve drive speed. Step-by-step guide included!\",\"breadcrumb\":{\"@id\":\"https:\\\/\\\/ulink-da.com\\\/de\\\/so-verwenden-sie-da-drive-analyzer\\\/#breadcrumb\"},\"inLanguage\":\"de\",\"potentialAction\":[{\"@type\":\"ReadAction\",\"target\":[\"https:\\\/\\\/ulink-da.com\\\/de\\\/so-verwenden-sie-da-drive-analyzer\\\/\"]}]},{\"@type\":\"BreadcrumbList\",\"@id\":\"https:\\\/\\\/ulink-da.com\\\/de\\\/so-verwenden-sie-da-drive-analyzer\\\/#breadcrumb\",\"itemListElement\":[{\"@type\":\"ListItem\",\"position\":1,\"name\":\"Home\",\"item\":\"https:\\\/\\\/ulink-da.com\\\/de\\\/\"},{\"@type\":\"ListItem\",\"position\":2,\"name\":\"So verwenden Sie DA Drive Analyzer\"}]},{\"@type\":\"WebSite\",\"@id\":\"https:\\\/\\\/ulink-da.com\\\/de\\\/#website\",\"url\":\"https:\\\/\\\/ulink-da.com\\\/de\\\/\",\"name\":\"ULINK DA\",\"description\":\"AI-Based Disk Drive Failure Prediction Services\",\"publisher\":{\"@id\":\"https:\\\/\\\/ulink-da.com\\\/de\\\/#organization\"},\"potentialAction\":[{\"@type\":\"SearchAction\",\"target\":{\"@type\":\"EntryPoint\",\"urlTemplate\":\"https:\\\/\\\/ulink-da.com\\\/de\\\/?s={search_term_string}\"},\"query-input\":{\"@type\":\"PropertyValueSpecification\",\"valueRequired\":true,\"valueName\":\"search_term_string\"}}],\"inLanguage\":\"de\"},{\"@type\":\"Organization\",\"@id\":\"https:\\\/\\\/ulink-da.com\\\/de\\\/#organization\",\"name\":\"ULINK DA\",\"url\":\"https:\\\/\\\/ulink-da.com\\\/de\\\/\",\"logo\":{\"@type\":\"ImageObject\",\"inLanguage\":\"de\",\"@id\":\"https:\\\/\\\/ulink-da.com\\\/de\\\/#\\\/schema\\\/logo\\\/image\\\/\",\"url\":\"https:\\\/\\\/ulink-da.com\\\/wp-content\\\/uploads\\\/2021\\\/02\\\/ulink_logo.png\",\"contentUrl\":\"https:\\\/\\\/ulink-da.com\\\/wp-content\\\/uploads\\\/2021\\\/02\\\/ulink_logo.png\",\"width\":300,\"height\":80,\"caption\":\"ULINK DA\"},\"image\":{\"@id\":\"https:\\\/\\\/ulink-da.com\\\/de\\\/#\\\/schema\\\/logo\\\/image\\\/\"}}]}<\/script>\n<!-- \/ Yoast SEO plugin. -->","yoast_head_json":{"title":"How to Use DA Drive Analyzer - ULINK DA Drive Analyzer","description":"Learn how to set up and use DA Drive Analyzer to monitor HDD health, detect failures early, and improve drive speed. Step-by-step guide included!","robots":{"index":"index","follow":"follow","max-snippet":"max-snippet:-1","max-image-preview":"max-image-preview:large","max-video-preview":"max-video-preview:-1"},"canonical":"https:\/\/ulink-da.com\/de\/so-verwenden-sie-da-drive-analyzer\/","og_locale":"de_DE","og_type":"article","og_title":"How to Use DA Drive Analyzer - ULINK DA Drive Analyzer","og_description":"Learn how to set up and use DA Drive Analyzer to monitor HDD health, detect failures early, and improve drive speed. Step-by-step guide included!","og_url":"https:\/\/ulink-da.com\/de\/so-verwenden-sie-da-drive-analyzer\/","og_site_name":"ULINK DA Drive Analyzer","article_modified_time":"2025-03-28T18:31:36+00:00","twitter_card":"summary_large_image","twitter_misc":{"Gesch\u00e4tzte Lesezeit":"2\u00a0Minuten"},"schema":{"@context":"https:\/\/schema.org","@graph":[{"@type":"WebPage","@id":"https:\/\/ulink-da.com\/de\/so-verwenden-sie-da-drive-analyzer\/","url":"https:\/\/ulink-da.com\/de\/so-verwenden-sie-da-drive-analyzer\/","name":"How to Use DA Drive Analyzer - ULINK DA Drive Analyzer","isPartOf":{"@id":"https:\/\/ulink-da.com\/de\/#website"},"datePublished":"2023-07-26T20:06:06+00:00","dateModified":"2025-03-28T18:31:36+00:00","description":"Learn how to set up and use DA Drive Analyzer to monitor HDD health, detect failures early, and improve drive speed. Step-by-step guide included!","breadcrumb":{"@id":"https:\/\/ulink-da.com\/de\/so-verwenden-sie-da-drive-analyzer\/#breadcrumb"},"inLanguage":"de","potentialAction":[{"@type":"ReadAction","target":["https:\/\/ulink-da.com\/de\/so-verwenden-sie-da-drive-analyzer\/"]}]},{"@type":"BreadcrumbList","@id":"https:\/\/ulink-da.com\/de\/so-verwenden-sie-da-drive-analyzer\/#breadcrumb","itemListElement":[{"@type":"ListItem","position":1,"name":"Home","item":"https:\/\/ulink-da.com\/de\/"},{"@type":"ListItem","position":2,"name":"So verwenden Sie DA Drive Analyzer"}]},{"@type":"WebSite","@id":"https:\/\/ulink-da.com\/de\/#website","url":"https:\/\/ulink-da.com\/de\/","name":"ULINK DA","description":"AI-Based Disk Drive Failure Prediction Services","publisher":{"@id":"https:\/\/ulink-da.com\/de\/#organization"},"potentialAction":[{"@type":"SearchAction","target":{"@type":"EntryPoint","urlTemplate":"https:\/\/ulink-da.com\/de\/?s={search_term_string}"},"query-input":{"@type":"PropertyValueSpecification","valueRequired":true,"valueName":"search_term_string"}}],"inLanguage":"de"},{"@type":"Organization","@id":"https:\/\/ulink-da.com\/de\/#organization","name":"ULINK DA","url":"https:\/\/ulink-da.com\/de\/","logo":{"@type":"ImageObject","inLanguage":"de","@id":"https:\/\/ulink-da.com\/de\/#\/schema\/logo\/image\/","url":"https:\/\/ulink-da.com\/wp-content\/uploads\/2021\/02\/ulink_logo.png","contentUrl":"https:\/\/ulink-da.com\/wp-content\/uploads\/2021\/02\/ulink_logo.png","width":300,"height":80,"caption":"ULINK DA"},"image":{"@id":"https:\/\/ulink-da.com\/de\/#\/schema\/logo\/image\/"}}]}},"_links":{"self":[{"href":"https:\/\/ulink-da.com\/de\/wp-json\/wp\/v2\/pages\/239353","targetHints":{"allow":["GET"]}}],"collection":[{"href":"https:\/\/ulink-da.com\/de\/wp-json\/wp\/v2\/pages"}],"about":[{"href":"https:\/\/ulink-da.com\/de\/wp-json\/wp\/v2\/types\/page"}],"author":[{"embeddable":true,"href":"https:\/\/ulink-da.com\/de\/wp-json\/wp\/v2\/users\/55"}],"replies":[{"embeddable":true,"href":"https:\/\/ulink-da.com\/de\/wp-json\/wp\/v2\/comments?post=239353"}],"version-history":[{"count":0,"href":"https:\/\/ulink-da.com\/de\/wp-json\/wp\/v2\/pages\/239353\/revisions"}],"wp:attachment":[{"href":"https:\/\/ulink-da.com\/de\/wp-json\/wp\/v2\/media?parent=239353"}],"curies":[{"name":"wp","href":"https:\/\/api.w.org\/{rel}","templated":true}]}}