{"id":239419,"date":"2024-11-14T11:00:46","date_gmt":"2024-11-14T19:00:46","guid":{"rendered":"https:\/\/ulink-da.com\/was-ist-das-da-portal\/"},"modified":"2024-12-04T14:25:50","modified_gmt":"2024-12-04T22:25:50","slug":"was-ist-das-da-portal","status":"publish","type":"page","link":"https:\/\/ulink-da.com\/de\/was-ist-das-da-portal\/","title":{"rendered":"Was ist das DA-Portal?"},"content":{"rendered":"<p>[et_pb_section fb_built=&#8221;1&#8243; custom_padding_last_edited=&#8221;on|tablet&#8221; _builder_version=&#8221;4.27.3&#8243; background_image=&#8221;https:\/\/ulink-da.com\/wp-content\/uploads\/2024\/11\/what_is_da_portal.png&#8221; background_position=&#8221;top_center&#8221; custom_padding=&#8221;100px||100px||true|false&#8221; custom_padding_tablet=&#8221;10px||10px||true|false&#8221; custom_padding_phone=&#8221;10px||10px||true|false&#8221; global_colors_info=&#8221;{}&#8221;][et_pb_row _builder_version=&#8221;4.16&#8243; global_colors_info=&#8221;{}&#8221;][et_pb_column type=&#8221;4_4&#8243; _builder_version=&#8221;4.16&#8243; global_colors_info=&#8221;{}&#8221;][et_pb_text _builder_version=&#8221;4.24.2&#8243; _dynamic_attributes=&#8221;content&#8221; text_font=&#8221;|700|||||||&#8221; text_text_color=&#8221;#FFFFFF&#8221; text_font_size=&#8221;50px&#8221; text_orientation=&#8221;center&#8221; text_font_size_tablet=&#8221;40px&#8221; text_font_size_phone=&#8221;30px&#8221; text_font_size_last_edited=&#8221;on|phone&#8221; global_colors_info=&#8221;{}&#8221;]@ET-DC@eyJkeW5hbWljIjp0cnVlLCJjb250ZW50IjoicG9zdF90aXRsZSIsInNldHRpbmdzIjp7ImJlZm9yZSI6IiIsImFmdGVyIjoiIn19@[\/et_pb_text][\/et_pb_column][\/et_pb_row][\/et_pb_section][et_pb_section fb_built=&#8221;1&#8243; _builder_version=&#8221;4.24.2&#8243; _module_preset=&#8221;default&#8221; global_colors_info=&#8221;{}&#8221;][et_pb_row column_structure=&#8221;2_5,3_5&#8243; _builder_version=&#8221;4.27.3&#8243; _module_preset=&#8221;default&#8221; global_colors_info=&#8221;{}&#8221;][et_pb_column type=&#8221;2_5&#8243; _builder_version=&#8221;4.27.3&#8243; _module_preset=&#8221;default&#8221; global_colors_info=&#8221;{}&#8221;][et_pb_text _builder_version=&#8221;4.27.3&#8243; _module_preset=&#8221;default&#8221; global_colors_info=&#8221;{}&#8221;]<\/p>\n<h1>DA Portal ist ein Online-Dashboard, das Ihnen einen besseren Einblick in den Zustand Ihrer Laufwerke bietet.<\/h1>\n<h1>Mit DA Portal k\u00f6nnen Sie den Zustand mehrerer Systeme und Laufwerkgeh\u00e4use von einem einzigen Standort aus verfolgen.<\/h1>\n<p>[\/et_pb_text][\/et_pb_column][et_pb_column type=&#8221;3_5&#8243; _builder_version=&#8221;4.27.3&#8243; _module_preset=&#8221;default&#8221; global_colors_info=&#8221;{}&#8221;][et_pb_image src=&#8221;https:\/\/ulink-da.com\/wp-content\/uploads\/2024\/11\/Screenshot-2024-11-14-at-10.39.10\u202fAM.png&#8221; alt=&#8221;DA Portal Hauptseite&#8221; title_text=&#8221;Screenshot 2024-11-14 at 10.39.10\u202fAM&#8221; _builder_version=&#8221;4.27.3&#8243; _module_preset=&#8221;default&#8221; global_colors_info=&#8221;{}&#8221;][\/et_pb_image][\/et_pb_column][\/et_pb_row][et_pb_row column_structure=&#8221;3_5,2_5&#8243; _builder_version=&#8221;4.27.3&#8243; _module_preset=&#8221;default&#8221; global_colors_info=&#8221;{}&#8221;][et_pb_column type=&#8221;3_5&#8243; _builder_version=&#8221;4.27.3&#8243; _module_preset=&#8221;default&#8221; global_colors_info=&#8221;{}&#8221;][et_pb_image src=&#8221;https:\/\/ulink-da.com\/wp-content\/uploads\/2024\/11\/Screenshot-2024-11-14-at-10.45.00\u202fAM.png&#8221; alt=&#8221;Speicherlaufwerk anzeigen AI-Seite&#8221; title_text=&#8221;Screenshot 2024-11-14 at 10.45.00\u202fAM&#8221; _builder_version=&#8221;4.27.3&#8243; _module_preset=&#8221;default&#8221; global_colors_info=&#8221;{}&#8221;][\/et_pb_image][\/et_pb_column][et_pb_column type=&#8221;2_5&#8243; _builder_version=&#8221;4.27.3&#8243; _module_preset=&#8221;default&#8221; global_colors_info=&#8221;{}&#8221;][et_pb_text _builder_version=&#8221;4.27.3&#8243; _module_preset=&#8221;default&#8221; global_colors_info=&#8221;{}&#8221;]<\/p>\n<h1>Zeigen Sie den Verlauf Ihrer KI-generierten Laufwerksausfallvorhersagen an.<\/h1>\n<p>[\/et_pb_text][\/et_pb_column][\/et_pb_row][et_pb_row column_structure=&#8221;2_5,3_5&#8243; _builder_version=&#8221;4.27.3&#8243; _module_preset=&#8221;default&#8221; global_colors_info=&#8221;{}&#8221;][et_pb_column type=&#8221;2_5&#8243; _builder_version=&#8221;4.27.3&#8243; _module_preset=&#8221;default&#8221; global_colors_info=&#8221;{}&#8221;][et_pb_text _builder_version=&#8221;4.27.3&#8243; _module_preset=&#8221;default&#8221; global_colors_info=&#8221;{}&#8221;]<\/p>\n<h1>Sehen Sie sich ausf\u00fchrliche Gesundheitsmetriken f\u00fcr Ihre Laufwerke an, die \u00fcber die SMART-Attribute hinausgehen (obwohl wir diese ebenfalls anzeigen).<\/h1>\n<h1>Fassen Sie die Symptome Ihres fehlerhaften Laufwerks mithilfe unseres Symptomradardiagramms zusammen.<\/h1>\n<p>[\/et_pb_text][\/et_pb_column][et_pb_column type=&#8221;3_5&#8243; _builder_version=&#8221;4.27.3&#8243; _module_preset=&#8221;default&#8221; global_colors_info=&#8221;{}&#8221;][et_pb_image src=&#8221;https:\/\/ulink-da.com\/wp-content\/uploads\/2024\/11\/Screenshot-2024-11-14-at-10.49.48\u202fAM.png&#8221; alt=&#8221;Seite \u201eSchwellenwertwarnungen\u201c&#8221; title_text=&#8221;Screenshot 2024-11-14 at 10.49.48\u202fAM&#8221; _builder_version=&#8221;4.27.3&#8243; _module_preset=&#8221;default&#8221; global_colors_info=&#8221;{}&#8221;][\/et_pb_image][\/et_pb_column][\/et_pb_row][et_pb_row column_structure=&#8221;3_5,2_5&#8243; _builder_version=&#8221;4.27.3&#8243; _module_preset=&#8221;default&#8221; global_colors_info=&#8221;{}&#8221;][et_pb_column type=&#8221;3_5&#8243; _builder_version=&#8221;4.27.3&#8243; _module_preset=&#8221;default&#8221; global_colors_info=&#8221;{}&#8221;][et_pb_image src=&#8221;https:\/\/ulink-da.com\/wp-content\/uploads\/2024\/11\/Screenshot-2024-11-14-at-10.54.50\u202fAM.png&#8221; alt=&#8221;Seite \u201eE-Mail-Benachrichtigungen\u201c&#8221; title_text=&#8221;Screenshot 2024-11-14 at 10.54.50\u202fAM&#8221; _builder_version=&#8221;4.27.3&#8243; _module_preset=&#8221;default&#8221; global_colors_info=&#8221;{}&#8221;][\/et_pb_image][\/et_pb_column][et_pb_column type=&#8221;2_5&#8243; _builder_version=&#8221;4.27.3&#8243; _module_preset=&#8221;default&#8221; global_colors_info=&#8221;{}&#8221;][et_pb_text _builder_version=&#8221;4.27.3&#8243; _module_preset=&#8221;default&#8221; global_colors_info=&#8221;{}&#8221;]<\/p>\n<h1>Richten Sie E-Mail-Benachrichtigungen ein, damit Sie benachrichtigt werden, wenn bei einem Laufwerk Probleme auftreten oder der Ausfall bevorsteht.<\/h1>\n<p>[\/et_pb_text][\/et_pb_column][\/et_pb_row][et_pb_row _builder_version=&#8221;4.27.3&#8243; _module_preset=&#8221;default&#8221; global_colors_info=&#8221;{}&#8221;][et_pb_column type=&#8221;4_4&#8243; _builder_version=&#8221;4.27.3&#8243; _module_preset=&#8221;default&#8221; global_colors_info=&#8221;{}&#8221;][et_pb_text _builder_version=&#8221;4.27.3&#8243; _module_preset=&#8221;default&#8221; global_colors_info=&#8221;{}&#8221;]<\/p>\n<h1>Benutzer von DA Drive Analyzer k\u00f6nnen sich beim DA Portal anmelden, indem sie oben auf dieser Seite zum Dropdown-Men\u00fc \u201eDA Portal\u201c gehen und die f\u00fcr Sie passende Version des DA Portals ausw\u00e4hlen.<\/h1>\n<p>[\/et_pb_text][et_pb_text _builder_version=&#8221;4.27.3&#8243; _module_preset=&#8221;default&#8221; global_colors_info=&#8221;{}&#8221;]<\/p>\n<h1>Weitere Informationen finden Sie in den <span style=\"text-decoration: underline;\"><a href=\"https:\/\/ulinktechda.zendesk.com\/hc\/en-us\/categories\/11717373669395-DA-Portal\">Artikeln unseres Hilfecenters<\/a><\/span> zum DA-Portal.<\/h1>\n<p>[\/et_pb_text][\/et_pb_column][\/et_pb_row][\/et_pb_section]<\/p>\n","protected":false},"excerpt":{"rendered":"<p>DA Portal ist ein Online-Dashboard, das Ihnen einen besseren Einblick in den Zustand Ihrer Laufwerke bietet. Mit DA Portal k\u00f6nnen Sie den Zustand mehrerer Systeme und Laufwerkgeh\u00e4use von einem einzigen Standort aus verfolgen.Zeigen Sie den Verlauf Ihrer KI-generierten Laufwerksausfallvorhersagen an.Sehen Sie sich ausf\u00fchrliche Gesundheitsmetriken f\u00fcr Ihre Laufwerke an, die \u00fcber die SMART-Attribute hinausgehen (obwohl wir diese ebenfalls anzeigen). Fassen Sie die Symptome Ihres fehlerhaften Laufwerks mithilfe unseres Symptomradardiagramms zusammen.Richten Sie E-Mail-Benachrichtigungen ein, damit Sie benachrichtigt werden, wenn bei einem Laufwerk Probleme auftreten oder der Ausfall bevorsteht.Benutzer von DA Drive Analyzer k\u00f6nnen sich beim DA Portal anmelden, indem sie oben auf dieser Seite zum Dropdown-Men\u00fc \u201eDA Portal\u201c gehen und die f\u00fcr Sie passende Version des DA Portals ausw\u00e4hlen.Weitere Informationen finden Sie in den Artikeln unseres Hilfecenters zum DA-Portal.<\/p>\n","protected":false},"author":55,"featured_media":0,"parent":0,"menu_order":0,"comment_status":"closed","ping_status":"closed","template":"","meta":{"_et_pb_use_builder":"on","_et_pb_old_content":"","_et_gb_content_width":"","footnotes":""},"class_list":["post-239419","page","type-page","status-publish","hentry"],"yoast_head":"<!-- This site is optimized with the Yoast SEO plugin v27.4 - https:\/\/yoast.com\/product\/yoast-seo-wordpress\/ -->\n<title>Was ist das DA-Portal? - ULINK DA Drive Analyzer<\/title>\n<meta name=\"robots\" content=\"index, follow, max-snippet:-1, max-image-preview:large, max-video-preview:-1\" \/>\n<link rel=\"canonical\" href=\"https:\/\/ulink-da.com\/de\/was-ist-das-da-portal\/\" \/>\n<meta property=\"og:locale\" content=\"de_DE\" \/>\n<meta property=\"og:type\" content=\"article\" \/>\n<meta property=\"og:title\" content=\"Was ist das DA-Portal? - ULINK DA Drive Analyzer\" \/>\n<meta property=\"og:description\" content=\"DA Portal ist ein Online-Dashboard, das Ihnen einen besseren Einblick in den Zustand Ihrer Laufwerke bietet. Mit DA Portal k\u00f6nnen Sie den Zustand mehrerer Systeme und Laufwerkgeh\u00e4use von einem einzigen Standort aus verfolgen.Zeigen Sie den Verlauf Ihrer KI-generierten Laufwerksausfallvorhersagen an.Sehen Sie sich ausf\u00fchrliche Gesundheitsmetriken f\u00fcr Ihre Laufwerke an, die \u00fcber die SMART-Attribute hinausgehen (obwohl wir diese ebenfalls anzeigen). Fassen Sie die Symptome Ihres fehlerhaften Laufwerks mithilfe unseres Symptomradardiagramms zusammen.Richten Sie E-Mail-Benachrichtigungen ein, damit Sie benachrichtigt werden, wenn bei einem Laufwerk Probleme auftreten oder der Ausfall bevorsteht.Benutzer von DA Drive Analyzer k\u00f6nnen sich beim DA Portal anmelden, indem sie oben auf dieser Seite zum Dropdown-Men\u00fc \u201eDA Portal\u201c gehen und die f\u00fcr Sie passende Version des DA Portals ausw\u00e4hlen.Weitere Informationen finden Sie in den Artikeln unseres Hilfecenters zum DA-Portal.\" \/>\n<meta property=\"og:url\" content=\"https:\/\/ulink-da.com\/de\/was-ist-das-da-portal\/\" \/>\n<meta property=\"og:site_name\" content=\"ULINK DA Drive Analyzer\" \/>\n<meta property=\"article:modified_time\" content=\"2024-12-04T22:25:50+00:00\" \/>\n<meta name=\"twitter:card\" content=\"summary_large_image\" \/>\n<meta name=\"twitter:label1\" content=\"Gesch\u00e4tzte Lesezeit\" \/>\n\t<meta name=\"twitter:data1\" content=\"4\u00a0Minuten\" \/>\n<script type=\"application\/ld+json\" class=\"yoast-schema-graph\">{\"@context\":\"https:\\\/\\\/schema.org\",\"@graph\":[{\"@type\":\"WebPage\",\"@id\":\"https:\\\/\\\/ulink-da.com\\\/de\\\/was-ist-das-da-portal\\\/\",\"url\":\"https:\\\/\\\/ulink-da.com\\\/de\\\/was-ist-das-da-portal\\\/\",\"name\":\"Was ist das DA-Portal? - ULINK DA Drive Analyzer\",\"isPartOf\":{\"@id\":\"https:\\\/\\\/ulink-da.com\\\/de\\\/#website\"},\"datePublished\":\"2024-11-14T19:00:46+00:00\",\"dateModified\":\"2024-12-04T22:25:50+00:00\",\"breadcrumb\":{\"@id\":\"https:\\\/\\\/ulink-da.com\\\/de\\\/was-ist-das-da-portal\\\/#breadcrumb\"},\"inLanguage\":\"de\",\"potentialAction\":[{\"@type\":\"ReadAction\",\"target\":[\"https:\\\/\\\/ulink-da.com\\\/de\\\/was-ist-das-da-portal\\\/\"]}]},{\"@type\":\"BreadcrumbList\",\"@id\":\"https:\\\/\\\/ulink-da.com\\\/de\\\/was-ist-das-da-portal\\\/#breadcrumb\",\"itemListElement\":[{\"@type\":\"ListItem\",\"position\":1,\"name\":\"Home\",\"item\":\"https:\\\/\\\/ulink-da.com\\\/de\\\/\"},{\"@type\":\"ListItem\",\"position\":2,\"name\":\"Was ist das DA-Portal?\"}]},{\"@type\":\"WebSite\",\"@id\":\"https:\\\/\\\/ulink-da.com\\\/de\\\/#website\",\"url\":\"https:\\\/\\\/ulink-da.com\\\/de\\\/\",\"name\":\"ULINK DA\",\"description\":\"AI-Based Disk Drive Failure Prediction Services\",\"publisher\":{\"@id\":\"https:\\\/\\\/ulink-da.com\\\/de\\\/#organization\"},\"potentialAction\":[{\"@type\":\"SearchAction\",\"target\":{\"@type\":\"EntryPoint\",\"urlTemplate\":\"https:\\\/\\\/ulink-da.com\\\/de\\\/?s={search_term_string}\"},\"query-input\":{\"@type\":\"PropertyValueSpecification\",\"valueRequired\":true,\"valueName\":\"search_term_string\"}}],\"inLanguage\":\"de\"},{\"@type\":\"Organization\",\"@id\":\"https:\\\/\\\/ulink-da.com\\\/de\\\/#organization\",\"name\":\"ULINK DA\",\"url\":\"https:\\\/\\\/ulink-da.com\\\/de\\\/\",\"logo\":{\"@type\":\"ImageObject\",\"inLanguage\":\"de\",\"@id\":\"https:\\\/\\\/ulink-da.com\\\/de\\\/#\\\/schema\\\/logo\\\/image\\\/\",\"url\":\"https:\\\/\\\/ulink-da.com\\\/wp-content\\\/uploads\\\/2021\\\/02\\\/ulink_logo.png\",\"contentUrl\":\"https:\\\/\\\/ulink-da.com\\\/wp-content\\\/uploads\\\/2021\\\/02\\\/ulink_logo.png\",\"width\":300,\"height\":80,\"caption\":\"ULINK DA\"},\"image\":{\"@id\":\"https:\\\/\\\/ulink-da.com\\\/de\\\/#\\\/schema\\\/logo\\\/image\\\/\"}}]}<\/script>\n<!-- \/ Yoast SEO plugin. -->","yoast_head_json":{"title":"Was ist das DA-Portal? - ULINK DA Drive Analyzer","robots":{"index":"index","follow":"follow","max-snippet":"max-snippet:-1","max-image-preview":"max-image-preview:large","max-video-preview":"max-video-preview:-1"},"canonical":"https:\/\/ulink-da.com\/de\/was-ist-das-da-portal\/","og_locale":"de_DE","og_type":"article","og_title":"Was ist das DA-Portal? - ULINK DA Drive Analyzer","og_description":"DA Portal ist ein Online-Dashboard, das Ihnen einen besseren Einblick in den Zustand Ihrer Laufwerke bietet. Mit DA Portal k\u00f6nnen Sie den Zustand mehrerer Systeme und Laufwerkgeh\u00e4use von einem einzigen Standort aus verfolgen.Zeigen Sie den Verlauf Ihrer KI-generierten Laufwerksausfallvorhersagen an.Sehen Sie sich ausf\u00fchrliche Gesundheitsmetriken f\u00fcr Ihre Laufwerke an, die \u00fcber die SMART-Attribute hinausgehen (obwohl wir diese ebenfalls anzeigen). Fassen Sie die Symptome Ihres fehlerhaften Laufwerks mithilfe unseres Symptomradardiagramms zusammen.Richten Sie E-Mail-Benachrichtigungen ein, damit Sie benachrichtigt werden, wenn bei einem Laufwerk Probleme auftreten oder der Ausfall bevorsteht.Benutzer von DA Drive Analyzer k\u00f6nnen sich beim DA Portal anmelden, indem sie oben auf dieser Seite zum Dropdown-Men\u00fc \u201eDA Portal\u201c gehen und die f\u00fcr Sie passende Version des DA Portals ausw\u00e4hlen.Weitere Informationen finden Sie in den Artikeln unseres Hilfecenters zum DA-Portal.","og_url":"https:\/\/ulink-da.com\/de\/was-ist-das-da-portal\/","og_site_name":"ULINK DA Drive Analyzer","article_modified_time":"2024-12-04T22:25:50+00:00","twitter_card":"summary_large_image","twitter_misc":{"Gesch\u00e4tzte Lesezeit":"4\u00a0Minuten"},"schema":{"@context":"https:\/\/schema.org","@graph":[{"@type":"WebPage","@id":"https:\/\/ulink-da.com\/de\/was-ist-das-da-portal\/","url":"https:\/\/ulink-da.com\/de\/was-ist-das-da-portal\/","name":"Was ist das DA-Portal? - ULINK DA Drive Analyzer","isPartOf":{"@id":"https:\/\/ulink-da.com\/de\/#website"},"datePublished":"2024-11-14T19:00:46+00:00","dateModified":"2024-12-04T22:25:50+00:00","breadcrumb":{"@id":"https:\/\/ulink-da.com\/de\/was-ist-das-da-portal\/#breadcrumb"},"inLanguage":"de","potentialAction":[{"@type":"ReadAction","target":["https:\/\/ulink-da.com\/de\/was-ist-das-da-portal\/"]}]},{"@type":"BreadcrumbList","@id":"https:\/\/ulink-da.com\/de\/was-ist-das-da-portal\/#breadcrumb","itemListElement":[{"@type":"ListItem","position":1,"name":"Home","item":"https:\/\/ulink-da.com\/de\/"},{"@type":"ListItem","position":2,"name":"Was ist das DA-Portal?"}]},{"@type":"WebSite","@id":"https:\/\/ulink-da.com\/de\/#website","url":"https:\/\/ulink-da.com\/de\/","name":"ULINK DA","description":"AI-Based Disk Drive Failure Prediction Services","publisher":{"@id":"https:\/\/ulink-da.com\/de\/#organization"},"potentialAction":[{"@type":"SearchAction","target":{"@type":"EntryPoint","urlTemplate":"https:\/\/ulink-da.com\/de\/?s={search_term_string}"},"query-input":{"@type":"PropertyValueSpecification","valueRequired":true,"valueName":"search_term_string"}}],"inLanguage":"de"},{"@type":"Organization","@id":"https:\/\/ulink-da.com\/de\/#organization","name":"ULINK DA","url":"https:\/\/ulink-da.com\/de\/","logo":{"@type":"ImageObject","inLanguage":"de","@id":"https:\/\/ulink-da.com\/de\/#\/schema\/logo\/image\/","url":"https:\/\/ulink-da.com\/wp-content\/uploads\/2021\/02\/ulink_logo.png","contentUrl":"https:\/\/ulink-da.com\/wp-content\/uploads\/2021\/02\/ulink_logo.png","width":300,"height":80,"caption":"ULINK DA"},"image":{"@id":"https:\/\/ulink-da.com\/de\/#\/schema\/logo\/image\/"}}]}},"_links":{"self":[{"href":"https:\/\/ulink-da.com\/de\/wp-json\/wp\/v2\/pages\/239419","targetHints":{"allow":["GET"]}}],"collection":[{"href":"https:\/\/ulink-da.com\/de\/wp-json\/wp\/v2\/pages"}],"about":[{"href":"https:\/\/ulink-da.com\/de\/wp-json\/wp\/v2\/types\/page"}],"author":[{"embeddable":true,"href":"https:\/\/ulink-da.com\/de\/wp-json\/wp\/v2\/users\/55"}],"replies":[{"embeddable":true,"href":"https:\/\/ulink-da.com\/de\/wp-json\/wp\/v2\/comments?post=239419"}],"version-history":[{"count":0,"href":"https:\/\/ulink-da.com\/de\/wp-json\/wp\/v2\/pages\/239419\/revisions"}],"wp:attachment":[{"href":"https:\/\/ulink-da.com\/de\/wp-json\/wp\/v2\/media?parent=239419"}],"curies":[{"name":"wp","href":"https:\/\/api.w.org\/{rel}","templated":true}]}}