{"id":239359,"date":"2023-07-26T13:06:06","date_gmt":"2023-07-26T20:06:06","guid":{"rendered":"https:\/\/ulink-da.com\/como-utilizar-da-drive-analyzer\/"},"modified":"2025-03-28T11:31:36","modified_gmt":"2025-03-28T18:31:36","slug":"como-utilizar-da-drive-analyzer","status":"publish","type":"page","link":"https:\/\/ulink-da.com\/es\/como-utilizar-da-drive-analyzer\/","title":{"rendered":"C\u00f3mo utilizar DA Drive Analyzer"},"content":{"rendered":"<p>[et_pb_section fb_built=&#8221;1&#8243; fullwidth=&#8221;on&#8221; disabled_on=&#8221;off|off|off&#8221; _builder_version=&#8221;4.19.1&#8243; _module_preset=&#8221;default&#8221; global_colors_info=&#8221;{}&#8221;][et_pb_fullwidth_image src=&#8221;https:\/\/ulink-da.com\/wp-content\/uploads\/2022\/05\/Frame-2.png&#8221; alt=&#8221;DA Drive Analyzer Front Banner 220520&#8243; title_text=&#8221;Frame 2&#8243; _builder_version=&#8221;4.17.4&#8243; _module_preset=&#8221;default&#8221; global_colors_info=&#8221;{}&#8221;][\/et_pb_fullwidth_image][\/et_pb_section][et_pb_section fb_built=&#8221;1&#8243; _builder_version=&#8221;4.16&#8243; _module_preset=&#8221;default&#8221; global_colors_info=&#8221;{}&#8221;][et_pb_row _builder_version=&#8221;4.21.0&#8243; _module_preset=&#8221;default&#8221; global_colors_info=&#8221;{}&#8221;][et_pb_column type=&#8221;4_4&#8243; _builder_version=&#8221;4.16&#8243; _module_preset=&#8221;default&#8221; global_colors_info=&#8221;{}&#8221;][et_pb_text _builder_version=&#8221;4.27.4&#8243; _module_preset=&#8221;default&#8221; header_2_font=&#8221;|700||on|||||&#8221; header_2_font_size=&#8221;48px&#8221; header_2_line_height=&#8221;1.4em&#8221; custom_padding=&#8221;|||15px|false|false&#8221; border_width_left=&#8221;10px&#8221; border_color_left=&#8221;#ff5400&#8243; global_colors_info=&#8221;{}&#8221;]<\/p>\n<h1>C\u00f3mo utilizar DA Drive Analyzer:<\/h1>\n<p>[\/et_pb_text][et_pb_text _builder_version=&#8221;4.27.4&#8243; _module_preset=&#8221;default&#8221; text_font_size=&#8221;25px&#8221; text_letter_spacing=&#8221;1px&#8221; text_line_height=&#8221;1.8em&#8221; global_colors_info=&#8221;{}&#8221;]<\/p>\n<p>Para empezar:<\/p>\n<p>1. Obtenga la licencia adecuada para el host de su unidad.<\/p>\n<p>Las licencias para unidades QNAP se pueden encontrar <a href=\"https:\/\/software.qnap.com\/da-drive-analyzer.html?\">aqu\u00ed<\/a>.<br \/>Las licencias para unidades de PC con Windows se pueden encontrar <a href=\"https:\/\/ulink-da.com\/shop_pc\/\">aqu\u00ed<\/a>.<br \/>Las licencias para unidades NAS de ASUSTOR se pueden encontrar <a href=\"https:\/\/ulink-da.com\/shop_asustor_nas\/\">aqu\u00ed<\/a>.<\/p>\n<p>2. Instale una de las siguientes aplicaciones DA Drive Analyzer para recopilar los datos del estado de su unidad y analizarlos:<\/p>\n<p><a href=\"https:\/\/ulink-da.com\/es\/da_smartquest\/\">DA SmartQuest<\/a><br \/><a href=\"https:\/\/www.qnap.com\/en-us\/how-to\/tutorial\/article\/how-to-set-up-ulink-da-drive-analyzer-on-your-qnap-nas\">QNAP NAS App<\/a><br \/><a href=\"https:\/\/ulink-da.com\/es\/asustor-nas-app\/\">ASUSTOR NAS App<\/a><\/p>\n<p>DA Drive Analyzer cumple con el RGPD y no recopila contenido escrito intencionalmente por los usuarios en sus unidades, como documentos, im\u00e1genes y v\u00eddeos.<\/p>\n<p>3. Consulte los resultados de nuestros an\u00e1lisis del estado de la unidad, incluyendo alertas y tendencias del estado de la unidad, en una de las siguientes opciones:<\/p>\n<p>Una de las aplicaciones del paso 2<br \/><a href=\"https:\/\/ulink-da.com\/es\/da_monitor\/\">DA Monitor<\/a><br \/>DA Portal (Consulte Men\u00fa &gt;&gt; DA Portal &gt;&gt; para obtener el enlace a la versi\u00f3n de DA Portal adecuada para usted).<\/p>\n<p>Para obtener gu\u00edas de usuario espec\u00edficas, consulte nuestra p\u00e1gina de <a href=\"https:\/\/ulink-da.com\/es\/recursos\/\">Recursos<\/a>.<\/p>\n<p>Para obtener m\u00e1s informaci\u00f3n sobre DA Drive Analyzer, consulte nuestro <a href=\"https:\/\/ulinktechda.zendesk.com\/hc\/en-us\">Centro de ayuda<\/a>.<\/p>\n<p>[\/et_pb_text][\/et_pb_column][\/et_pb_row][\/et_pb_section]<\/p>\n","protected":false},"excerpt":{"rendered":"<p>C\u00f3mo utilizar DA Drive Analyzer:Para empezar: 1. Obtenga la licencia adecuada para el host de su unidad. Las licencias para unidades QNAP se pueden encontrar aqu\u00ed.Las licencias para unidades de PC con Windows se pueden encontrar aqu\u00ed.Las licencias para unidades NAS de ASUSTOR se pueden encontrar aqu\u00ed. 2. Instale una de las siguientes aplicaciones DA Drive Analyzer para recopilar los datos del estado de su unidad y analizarlos: DA SmartQuestQNAP NAS AppASUSTOR NAS App DA Drive Analyzer cumple con el RGPD y no recopila contenido escrito intencionalmente por los usuarios en sus unidades, como documentos, im\u00e1genes y v\u00eddeos. 3. Consulte los resultados de nuestros an\u00e1lisis del estado de la unidad, incluyendo alertas y tendencias del estado de la unidad, en una de las siguientes opciones: Una de las aplicaciones del paso 2DA MonitorDA Portal (Consulte Men\u00fa &gt;&gt; DA Portal &gt;&gt; para obtener el enlace a la versi\u00f3n de DA Portal adecuada para usted). Para obtener gu\u00edas de usuario espec\u00edficas, consulte nuestra p\u00e1gina de Recursos. Para obtener m\u00e1s informaci\u00f3n sobre DA Drive Analyzer, consulte nuestro Centro de ayuda.<\/p>\n","protected":false},"author":55,"featured_media":0,"parent":0,"menu_order":0,"comment_status":"closed","ping_status":"closed","template":"","meta":{"_et_pb_use_builder":"on","_et_pb_old_content":"","_et_gb_content_width":"","footnotes":""},"class_list":["post-239359","page","type-page","status-publish","hentry"],"yoast_head":"<!-- This site is optimized with the Yoast SEO plugin v27.4 - https:\/\/yoast.com\/product\/yoast-seo-wordpress\/ -->\n<title>How to Use DA Drive Analyzer - ULINK DA Drive Analyzer<\/title>\n<meta name=\"description\" content=\"Learn how to set up and use DA Drive Analyzer to monitor HDD health, detect failures early, and improve drive speed. Step-by-step guide included!\" \/>\n<meta name=\"robots\" content=\"index, follow, max-snippet:-1, max-image-preview:large, max-video-preview:-1\" \/>\n<link rel=\"canonical\" href=\"https:\/\/ulink-da.com\/es\/como-utilizar-da-drive-analyzer\/\" \/>\n<meta property=\"og:locale\" content=\"es_ES\" \/>\n<meta property=\"og:type\" content=\"article\" \/>\n<meta property=\"og:title\" content=\"How to Use DA Drive Analyzer - ULINK DA Drive Analyzer\" \/>\n<meta property=\"og:description\" content=\"Learn how to set up and use DA Drive Analyzer to monitor HDD health, detect failures early, and improve drive speed. Step-by-step guide included!\" \/>\n<meta property=\"og:url\" content=\"https:\/\/ulink-da.com\/es\/como-utilizar-da-drive-analyzer\/\" \/>\n<meta property=\"og:site_name\" content=\"ULINK DA Drive Analyzer\" \/>\n<meta property=\"article:modified_time\" content=\"2025-03-28T18:31:36+00:00\" \/>\n<meta name=\"twitter:card\" content=\"summary_large_image\" \/>\n<meta name=\"twitter:label1\" content=\"Tiempo de lectura\" \/>\n\t<meta name=\"twitter:data1\" content=\"2 minutos\" \/>\n<script type=\"application\/ld+json\" class=\"yoast-schema-graph\">{\"@context\":\"https:\\\/\\\/schema.org\",\"@graph\":[{\"@type\":\"WebPage\",\"@id\":\"https:\\\/\\\/ulink-da.com\\\/es\\\/como-utilizar-da-drive-analyzer\\\/\",\"url\":\"https:\\\/\\\/ulink-da.com\\\/es\\\/como-utilizar-da-drive-analyzer\\\/\",\"name\":\"How to Use DA Drive Analyzer - ULINK DA Drive Analyzer\",\"isPartOf\":{\"@id\":\"https:\\\/\\\/ulink-da.com\\\/es\\\/#website\"},\"datePublished\":\"2023-07-26T20:06:06+00:00\",\"dateModified\":\"2025-03-28T18:31:36+00:00\",\"description\":\"Learn how to set up and use DA Drive Analyzer to monitor HDD health, detect failures early, and improve drive speed. Step-by-step guide included!\",\"breadcrumb\":{\"@id\":\"https:\\\/\\\/ulink-da.com\\\/es\\\/como-utilizar-da-drive-analyzer\\\/#breadcrumb\"},\"inLanguage\":\"es\",\"potentialAction\":[{\"@type\":\"ReadAction\",\"target\":[\"https:\\\/\\\/ulink-da.com\\\/es\\\/como-utilizar-da-drive-analyzer\\\/\"]}]},{\"@type\":\"BreadcrumbList\",\"@id\":\"https:\\\/\\\/ulink-da.com\\\/es\\\/como-utilizar-da-drive-analyzer\\\/#breadcrumb\",\"itemListElement\":[{\"@type\":\"ListItem\",\"position\":1,\"name\":\"Home\",\"item\":\"https:\\\/\\\/ulink-da.com\\\/es\\\/\"},{\"@type\":\"ListItem\",\"position\":2,\"name\":\"C\u00f3mo utilizar DA Drive Analyzer\"}]},{\"@type\":\"WebSite\",\"@id\":\"https:\\\/\\\/ulink-da.com\\\/es\\\/#website\",\"url\":\"https:\\\/\\\/ulink-da.com\\\/es\\\/\",\"name\":\"ULINK DA\",\"description\":\"AI-Based Disk Drive Failure Prediction Services\",\"publisher\":{\"@id\":\"https:\\\/\\\/ulink-da.com\\\/es\\\/#organization\"},\"potentialAction\":[{\"@type\":\"SearchAction\",\"target\":{\"@type\":\"EntryPoint\",\"urlTemplate\":\"https:\\\/\\\/ulink-da.com\\\/es\\\/?s={search_term_string}\"},\"query-input\":{\"@type\":\"PropertyValueSpecification\",\"valueRequired\":true,\"valueName\":\"search_term_string\"}}],\"inLanguage\":\"es\"},{\"@type\":\"Organization\",\"@id\":\"https:\\\/\\\/ulink-da.com\\\/es\\\/#organization\",\"name\":\"ULINK DA\",\"url\":\"https:\\\/\\\/ulink-da.com\\\/es\\\/\",\"logo\":{\"@type\":\"ImageObject\",\"inLanguage\":\"es\",\"@id\":\"https:\\\/\\\/ulink-da.com\\\/es\\\/#\\\/schema\\\/logo\\\/image\\\/\",\"url\":\"https:\\\/\\\/ulink-da.com\\\/wp-content\\\/uploads\\\/2021\\\/02\\\/ulink_logo.png\",\"contentUrl\":\"https:\\\/\\\/ulink-da.com\\\/wp-content\\\/uploads\\\/2021\\\/02\\\/ulink_logo.png\",\"width\":300,\"height\":80,\"caption\":\"ULINK DA\"},\"image\":{\"@id\":\"https:\\\/\\\/ulink-da.com\\\/es\\\/#\\\/schema\\\/logo\\\/image\\\/\"}}]}<\/script>\n<!-- \/ Yoast SEO plugin. -->","yoast_head_json":{"title":"How to Use DA Drive Analyzer - ULINK DA Drive Analyzer","description":"Learn how to set up and use DA Drive Analyzer to monitor HDD health, detect failures early, and improve drive speed. Step-by-step guide included!","robots":{"index":"index","follow":"follow","max-snippet":"max-snippet:-1","max-image-preview":"max-image-preview:large","max-video-preview":"max-video-preview:-1"},"canonical":"https:\/\/ulink-da.com\/es\/como-utilizar-da-drive-analyzer\/","og_locale":"es_ES","og_type":"article","og_title":"How to Use DA Drive Analyzer - ULINK DA Drive Analyzer","og_description":"Learn how to set up and use DA Drive Analyzer to monitor HDD health, detect failures early, and improve drive speed. Step-by-step guide included!","og_url":"https:\/\/ulink-da.com\/es\/como-utilizar-da-drive-analyzer\/","og_site_name":"ULINK DA Drive Analyzer","article_modified_time":"2025-03-28T18:31:36+00:00","twitter_card":"summary_large_image","twitter_misc":{"Tiempo de lectura":"2 minutos"},"schema":{"@context":"https:\/\/schema.org","@graph":[{"@type":"WebPage","@id":"https:\/\/ulink-da.com\/es\/como-utilizar-da-drive-analyzer\/","url":"https:\/\/ulink-da.com\/es\/como-utilizar-da-drive-analyzer\/","name":"How to Use DA Drive Analyzer - ULINK DA Drive Analyzer","isPartOf":{"@id":"https:\/\/ulink-da.com\/es\/#website"},"datePublished":"2023-07-26T20:06:06+00:00","dateModified":"2025-03-28T18:31:36+00:00","description":"Learn how to set up and use DA Drive Analyzer to monitor HDD health, detect failures early, and improve drive speed. Step-by-step guide included!","breadcrumb":{"@id":"https:\/\/ulink-da.com\/es\/como-utilizar-da-drive-analyzer\/#breadcrumb"},"inLanguage":"es","potentialAction":[{"@type":"ReadAction","target":["https:\/\/ulink-da.com\/es\/como-utilizar-da-drive-analyzer\/"]}]},{"@type":"BreadcrumbList","@id":"https:\/\/ulink-da.com\/es\/como-utilizar-da-drive-analyzer\/#breadcrumb","itemListElement":[{"@type":"ListItem","position":1,"name":"Home","item":"https:\/\/ulink-da.com\/es\/"},{"@type":"ListItem","position":2,"name":"C\u00f3mo utilizar DA Drive Analyzer"}]},{"@type":"WebSite","@id":"https:\/\/ulink-da.com\/es\/#website","url":"https:\/\/ulink-da.com\/es\/","name":"ULINK DA","description":"AI-Based Disk Drive Failure Prediction Services","publisher":{"@id":"https:\/\/ulink-da.com\/es\/#organization"},"potentialAction":[{"@type":"SearchAction","target":{"@type":"EntryPoint","urlTemplate":"https:\/\/ulink-da.com\/es\/?s={search_term_string}"},"query-input":{"@type":"PropertyValueSpecification","valueRequired":true,"valueName":"search_term_string"}}],"inLanguage":"es"},{"@type":"Organization","@id":"https:\/\/ulink-da.com\/es\/#organization","name":"ULINK DA","url":"https:\/\/ulink-da.com\/es\/","logo":{"@type":"ImageObject","inLanguage":"es","@id":"https:\/\/ulink-da.com\/es\/#\/schema\/logo\/image\/","url":"https:\/\/ulink-da.com\/wp-content\/uploads\/2021\/02\/ulink_logo.png","contentUrl":"https:\/\/ulink-da.com\/wp-content\/uploads\/2021\/02\/ulink_logo.png","width":300,"height":80,"caption":"ULINK DA"},"image":{"@id":"https:\/\/ulink-da.com\/es\/#\/schema\/logo\/image\/"}}]}},"_links":{"self":[{"href":"https:\/\/ulink-da.com\/es\/wp-json\/wp\/v2\/pages\/239359","targetHints":{"allow":["GET"]}}],"collection":[{"href":"https:\/\/ulink-da.com\/es\/wp-json\/wp\/v2\/pages"}],"about":[{"href":"https:\/\/ulink-da.com\/es\/wp-json\/wp\/v2\/types\/page"}],"author":[{"embeddable":true,"href":"https:\/\/ulink-da.com\/es\/wp-json\/wp\/v2\/users\/55"}],"replies":[{"embeddable":true,"href":"https:\/\/ulink-da.com\/es\/wp-json\/wp\/v2\/comments?post=239359"}],"version-history":[{"count":0,"href":"https:\/\/ulink-da.com\/es\/wp-json\/wp\/v2\/pages\/239359\/revisions"}],"wp:attachment":[{"href":"https:\/\/ulink-da.com\/es\/wp-json\/wp\/v2\/media?parent=239359"}],"curies":[{"name":"wp","href":"https:\/\/api.w.org\/{rel}","templated":true}]}}