{"id":239425,"date":"2024-11-14T11:00:46","date_gmt":"2024-11-14T19:00:46","guid":{"rendered":"https:\/\/ulink-da.com\/que-es-da-portal\/"},"modified":"2024-12-04T14:35:38","modified_gmt":"2024-12-04T22:35:38","slug":"que-es-da-portal","status":"publish","type":"page","link":"https:\/\/ulink-da.com\/es\/que-es-da-portal\/","title":{"rendered":"\u00bfQu\u00e9 es DA Portal?"},"content":{"rendered":"<p>[et_pb_section fb_built=&#8221;1&#8243; custom_padding_last_edited=&#8221;on|tablet&#8221; _builder_version=&#8221;4.27.3&#8243; background_image=&#8221;https:\/\/ulink-da.com\/wp-content\/uploads\/2024\/11\/what_is_da_portal.png&#8221; background_position=&#8221;top_center&#8221; custom_padding=&#8221;100px||100px||true|false&#8221; custom_padding_tablet=&#8221;10px||10px||true|false&#8221; custom_padding_phone=&#8221;10px||10px||true|false&#8221; global_colors_info=&#8221;{}&#8221;][et_pb_row _builder_version=&#8221;4.16&#8243; global_colors_info=&#8221;{}&#8221;][et_pb_column type=&#8221;4_4&#8243; _builder_version=&#8221;4.16&#8243; global_colors_info=&#8221;{}&#8221;][et_pb_text _builder_version=&#8221;4.24.2&#8243; _dynamic_attributes=&#8221;content&#8221; text_font=&#8221;|700|||||||&#8221; text_text_color=&#8221;#FFFFFF&#8221; text_font_size=&#8221;50px&#8221; text_orientation=&#8221;center&#8221; text_font_size_tablet=&#8221;40px&#8221; text_font_size_phone=&#8221;30px&#8221; text_font_size_last_edited=&#8221;on|phone&#8221; global_colors_info=&#8221;{}&#8221;]@ET-DC@eyJkeW5hbWljIjp0cnVlLCJjb250ZW50IjoicG9zdF90aXRsZSIsInNldHRpbmdzIjp7ImJlZm9yZSI6IiIsImFmdGVyIjoiIn19@[\/et_pb_text][\/et_pb_column][\/et_pb_row][\/et_pb_section][et_pb_section fb_built=&#8221;1&#8243; _builder_version=&#8221;4.24.2&#8243; _module_preset=&#8221;default&#8221; global_colors_info=&#8221;{}&#8221;][et_pb_row column_structure=&#8221;2_5,3_5&#8243; _builder_version=&#8221;4.27.3&#8243; _module_preset=&#8221;default&#8221; global_colors_info=&#8221;{}&#8221;][et_pb_column type=&#8221;2_5&#8243; _builder_version=&#8221;4.27.3&#8243; _module_preset=&#8221;default&#8221; global_colors_info=&#8221;{}&#8221;][et_pb_text _builder_version=&#8221;4.27.3&#8243; _module_preset=&#8221;default&#8221; global_colors_info=&#8221;{}&#8221;]<\/p>\n<h1>DA Portal es un panel en l\u00ednea que le brinda una mejor perspectiva del estado de sus unidades.<\/h1>\n<h1>Con DA Portal, puede realizar un seguimiento del estado de varios sistemas y gabinetes de unidades desde una \u00fanica ubicaci\u00f3n.<\/h1>\n<p>[\/et_pb_text][\/et_pb_column][et_pb_column type=&#8221;3_5&#8243; _builder_version=&#8221;4.27.3&#8243; _module_preset=&#8221;default&#8221; global_colors_info=&#8221;{}&#8221;][et_pb_image src=&#8221;https:\/\/ulink-da.com\/wp-content\/uploads\/2024\/11\/Screenshot-2024-11-14-at-10.39.10\u202fAM.png&#8221; alt=&#8221;P\u00e1gina principal del DA Portal&#8221; title_text=&#8221;Screenshot 2024-11-14 at 10.39.10\u202fAM&#8221; _builder_version=&#8221;4.27.3&#8243; _module_preset=&#8221;default&#8221; global_colors_info=&#8221;{}&#8221;][\/et_pb_image][\/et_pb_column][\/et_pb_row][et_pb_row column_structure=&#8221;3_5,2_5&#8243; _builder_version=&#8221;4.27.3&#8243; _module_preset=&#8221;default&#8221; global_colors_info=&#8221;{}&#8221;][et_pb_column type=&#8221;3_5&#8243; _builder_version=&#8221;4.27.3&#8243; _module_preset=&#8221;default&#8221; global_colors_info=&#8221;{}&#8221;][et_pb_image src=&#8221;https:\/\/ulink-da.com\/wp-content\/uploads\/2024\/11\/Screenshot-2024-11-14-at-10.45.00\u202fAM.png&#8221; alt=&#8221;Vista de la p\u00e1gina de AI de la unidad de almacenamiento&#8221; title_text=&#8221;Screenshot 2024-11-14 at 10.45.00\u202fAM&#8221; _builder_version=&#8221;4.27.3&#8243; _module_preset=&#8221;default&#8221; global_colors_info=&#8221;{}&#8221;][\/et_pb_image][\/et_pb_column][et_pb_column type=&#8221;2_5&#8243; _builder_version=&#8221;4.27.3&#8243; _module_preset=&#8221;default&#8221; global_colors_info=&#8221;{}&#8221;][et_pb_text _builder_version=&#8221;4.27.3&#8243; _module_preset=&#8221;default&#8221; global_colors_info=&#8221;{}&#8221;]<\/p>\n<h1>Vea el historial de predicciones de fallas de unidad generadas por IA.<\/h1>\n<p>[\/et_pb_text][\/et_pb_column][\/et_pb_row][et_pb_row column_structure=&#8221;2_5,3_5&#8243; _builder_version=&#8221;4.27.3&#8243; _module_preset=&#8221;default&#8221; global_colors_info=&#8221;{}&#8221;][et_pb_column type=&#8221;2_5&#8243; _builder_version=&#8221;4.27.3&#8243; _module_preset=&#8221;default&#8221; global_colors_info=&#8221;{}&#8221;][et_pb_text _builder_version=&#8221;4.27.3&#8243; _module_preset=&#8221;default&#8221; global_colors_info=&#8221;{}&#8221;]<\/p>\n<h1>Vea m\u00e9tricas de estado detalladas de sus unidades m\u00e1s all\u00e1 de los atributos SMART (aunque tambi\u00e9n los mostramos).<\/h1>\n<h1>Resuma los s\u00edntomas de su unidad defectuosa utilizando nuestro gr\u00e1fico de radar de s\u00edntomas.<\/h1>\n<p>[\/et_pb_text][\/et_pb_column][et_pb_column type=&#8221;3_5&#8243; _builder_version=&#8221;4.27.3&#8243; _module_preset=&#8221;default&#8221; global_colors_info=&#8221;{}&#8221;][et_pb_image src=&#8221;https:\/\/ulink-da.com\/wp-content\/uploads\/2024\/11\/Screenshot-2024-11-14-at-10.49.48\u202fAM.png&#8221; alt=&#8221;P\u00e1gina de alertas de umbral&#8221; title_text=&#8221;Screenshot 2024-11-14 at 10.49.48\u202fAM&#8221; _builder_version=&#8221;4.27.3&#8243; _module_preset=&#8221;default&#8221; global_colors_info=&#8221;{}&#8221;][\/et_pb_image][\/et_pb_column][\/et_pb_row][et_pb_row column_structure=&#8221;3_5,2_5&#8243; _builder_version=&#8221;4.27.3&#8243; _module_preset=&#8221;default&#8221; global_colors_info=&#8221;{}&#8221;][et_pb_column type=&#8221;3_5&#8243; _builder_version=&#8221;4.27.3&#8243; _module_preset=&#8221;default&#8221; global_colors_info=&#8221;{}&#8221;][et_pb_image src=&#8221;https:\/\/ulink-da.com\/wp-content\/uploads\/2024\/11\/Screenshot-2024-11-14-at-10.54.50\u202fAM.png&#8221; alt=&#8221;P\u00e1gina de notificaciones por correo electr\u00f3nico&#8221; title_text=&#8221;Screenshot 2024-11-14 at 10.54.50\u202fAM&#8221; _builder_version=&#8221;4.27.3&#8243; _module_preset=&#8221;default&#8221; global_colors_info=&#8221;{}&#8221;][\/et_pb_image][\/et_pb_column][et_pb_column type=&#8221;2_5&#8243; _builder_version=&#8221;4.27.3&#8243; _module_preset=&#8221;default&#8221; global_colors_info=&#8221;{}&#8221;][et_pb_text _builder_version=&#8221;4.27.3&#8243; _module_preset=&#8221;default&#8221; global_colors_info=&#8221;{}&#8221;]<\/p>\n<h1>Configure notificaciones por correo electr\u00f3nico para saber cu\u00e1ndo una unidad tiene problemas o est\u00e1 a punto de fallar.<\/h1>\n<p>[\/et_pb_text][\/et_pb_column][\/et_pb_row][et_pb_row _builder_version=&#8221;4.27.3&#8243; _module_preset=&#8221;default&#8221; global_colors_info=&#8221;{}&#8221;][et_pb_column type=&#8221;4_4&#8243; _builder_version=&#8221;4.27.3&#8243; _module_preset=&#8221;default&#8221; global_colors_info=&#8221;{}&#8221;][et_pb_text _builder_version=&#8221;4.27.3&#8243; _module_preset=&#8221;default&#8221; global_colors_info=&#8221;{}&#8221;]<\/p>\n<h1>Los usuarios de DA Drive Analyzer pueden iniciar sesi\u00f3n en DA Portal yendo al men\u00fa desplegable de DA Portal en la parte superior de esta p\u00e1gina y seleccionando la versi\u00f3n de DA Portal adecuada para usted.<\/h1>\n<p>[\/et_pb_text][et_pb_text _builder_version=&#8221;4.27.3&#8243; _module_preset=&#8221;default&#8221; global_colors_info=&#8221;{}&#8221;]<\/p>\n<h1>Para obtener m\u00e1s informaci\u00f3n, consulte los <span style=\"text-decoration: underline;\"><a href=\"https:\/\/ulinktechda.zendesk.com\/hc\/en-us\/categories\/11717373669395-DA-Portal\">art\u00edculos de nuestro centro de ayuda<\/a><\/span> sobre DA Portal.<\/h1>\n<p>[\/et_pb_text][\/et_pb_column][\/et_pb_row][\/et_pb_section]<\/p>\n","protected":false},"excerpt":{"rendered":"<p>DA Portal es un panel en l\u00ednea que le brinda una mejor perspectiva del estado de sus unidades. Con DA Portal, puede realizar un seguimiento del estado de varios sistemas y gabinetes de unidades desde una \u00fanica ubicaci\u00f3n.Vea el historial de predicciones de fallas de unidad generadas por IA.Vea m\u00e9tricas de estado detalladas de sus unidades m\u00e1s all\u00e1 de los atributos SMART (aunque tambi\u00e9n los mostramos). Resuma los s\u00edntomas de su unidad defectuosa utilizando nuestro gr\u00e1fico de radar de s\u00edntomas.Configure notificaciones por correo electr\u00f3nico para saber cu\u00e1ndo una unidad tiene problemas o est\u00e1 a punto de fallar.Los usuarios de DA Drive Analyzer pueden iniciar sesi\u00f3n en DA Portal yendo al men\u00fa desplegable de DA Portal en la parte superior de esta p\u00e1gina y seleccionando la versi\u00f3n de DA Portal adecuada para usted.Para obtener m\u00e1s informaci\u00f3n, consulte los art\u00edculos de nuestro centro de ayuda sobre DA Portal.<\/p>\n","protected":false},"author":55,"featured_media":0,"parent":0,"menu_order":0,"comment_status":"closed","ping_status":"closed","template":"","meta":{"_et_pb_use_builder":"on","_et_pb_old_content":"","_et_gb_content_width":"","footnotes":""},"class_list":["post-239425","page","type-page","status-publish","hentry"],"yoast_head":"<!-- This site is optimized with the Yoast SEO plugin v27.3 - https:\/\/yoast.com\/product\/yoast-seo-wordpress\/ -->\n<title>\u00bfQu\u00e9 es DA Portal? - ULINK DA Drive Analyzer<\/title>\n<meta name=\"robots\" content=\"index, follow, max-snippet:-1, max-image-preview:large, max-video-preview:-1\" \/>\n<link rel=\"canonical\" href=\"https:\/\/ulink-da.com\/es\/que-es-da-portal\/\" \/>\n<meta property=\"og:locale\" content=\"es_ES\" \/>\n<meta property=\"og:type\" content=\"article\" \/>\n<meta property=\"og:title\" content=\"\u00bfQu\u00e9 es DA Portal? - ULINK DA Drive Analyzer\" \/>\n<meta property=\"og:description\" content=\"DA Portal es un panel en l\u00ednea que le brinda una mejor perspectiva del estado de sus unidades. Con DA Portal, puede realizar un seguimiento del estado de varios sistemas y gabinetes de unidades desde una \u00fanica ubicaci\u00f3n.Vea el historial de predicciones de fallas de unidad generadas por IA.Vea m\u00e9tricas de estado detalladas de sus unidades m\u00e1s all\u00e1 de los atributos SMART (aunque tambi\u00e9n los mostramos). Resuma los s\u00edntomas de su unidad defectuosa utilizando nuestro gr\u00e1fico de radar de s\u00edntomas.Configure notificaciones por correo electr\u00f3nico para saber cu\u00e1ndo una unidad tiene problemas o est\u00e1 a punto de fallar.Los usuarios de DA Drive Analyzer pueden iniciar sesi\u00f3n en DA Portal yendo al men\u00fa desplegable de DA Portal en la parte superior de esta p\u00e1gina y seleccionando la versi\u00f3n de DA Portal adecuada para usted.Para obtener m\u00e1s informaci\u00f3n, consulte los art\u00edculos de nuestro centro de ayuda sobre DA Portal.\" \/>\n<meta property=\"og:url\" content=\"https:\/\/ulink-da.com\/es\/que-es-da-portal\/\" \/>\n<meta property=\"og:site_name\" content=\"ULINK DA Drive Analyzer\" \/>\n<meta property=\"article:modified_time\" content=\"2024-12-04T22:35:38+00:00\" \/>\n<meta name=\"twitter:card\" content=\"summary_large_image\" \/>\n<meta name=\"twitter:label1\" content=\"Tiempo de lectura\" \/>\n\t<meta name=\"twitter:data1\" content=\"4 minutos\" \/>\n<script type=\"application\/ld+json\" class=\"yoast-schema-graph\">{\"@context\":\"https:\\\/\\\/schema.org\",\"@graph\":[{\"@type\":\"WebPage\",\"@id\":\"https:\\\/\\\/ulink-da.com\\\/es\\\/que-es-da-portal\\\/\",\"url\":\"https:\\\/\\\/ulink-da.com\\\/es\\\/que-es-da-portal\\\/\",\"name\":\"\u00bfQu\u00e9 es DA Portal? - ULINK DA Drive Analyzer\",\"isPartOf\":{\"@id\":\"https:\\\/\\\/ulink-da.com\\\/es\\\/#website\"},\"datePublished\":\"2024-11-14T19:00:46+00:00\",\"dateModified\":\"2024-12-04T22:35:38+00:00\",\"breadcrumb\":{\"@id\":\"https:\\\/\\\/ulink-da.com\\\/es\\\/que-es-da-portal\\\/#breadcrumb\"},\"inLanguage\":\"es\",\"potentialAction\":[{\"@type\":\"ReadAction\",\"target\":[\"https:\\\/\\\/ulink-da.com\\\/es\\\/que-es-da-portal\\\/\"]}]},{\"@type\":\"BreadcrumbList\",\"@id\":\"https:\\\/\\\/ulink-da.com\\\/es\\\/que-es-da-portal\\\/#breadcrumb\",\"itemListElement\":[{\"@type\":\"ListItem\",\"position\":1,\"name\":\"Home\",\"item\":\"https:\\\/\\\/ulink-da.com\\\/es\\\/\"},{\"@type\":\"ListItem\",\"position\":2,\"name\":\"\u00bfQu\u00e9 es DA Portal?\"}]},{\"@type\":\"WebSite\",\"@id\":\"https:\\\/\\\/ulink-da.com\\\/es\\\/#website\",\"url\":\"https:\\\/\\\/ulink-da.com\\\/es\\\/\",\"name\":\"ULINK DA\",\"description\":\"AI-Based Disk Drive Failure Prediction Services\",\"publisher\":{\"@id\":\"https:\\\/\\\/ulink-da.com\\\/es\\\/#organization\"},\"potentialAction\":[{\"@type\":\"SearchAction\",\"target\":{\"@type\":\"EntryPoint\",\"urlTemplate\":\"https:\\\/\\\/ulink-da.com\\\/es\\\/?s={search_term_string}\"},\"query-input\":{\"@type\":\"PropertyValueSpecification\",\"valueRequired\":true,\"valueName\":\"search_term_string\"}}],\"inLanguage\":\"es\"},{\"@type\":\"Organization\",\"@id\":\"https:\\\/\\\/ulink-da.com\\\/es\\\/#organization\",\"name\":\"ULINK DA\",\"url\":\"https:\\\/\\\/ulink-da.com\\\/es\\\/\",\"logo\":{\"@type\":\"ImageObject\",\"inLanguage\":\"es\",\"@id\":\"https:\\\/\\\/ulink-da.com\\\/es\\\/#\\\/schema\\\/logo\\\/image\\\/\",\"url\":\"https:\\\/\\\/ulink-da.com\\\/wp-content\\\/uploads\\\/2021\\\/02\\\/ulink_logo.png\",\"contentUrl\":\"https:\\\/\\\/ulink-da.com\\\/wp-content\\\/uploads\\\/2021\\\/02\\\/ulink_logo.png\",\"width\":300,\"height\":80,\"caption\":\"ULINK DA\"},\"image\":{\"@id\":\"https:\\\/\\\/ulink-da.com\\\/es\\\/#\\\/schema\\\/logo\\\/image\\\/\"}}]}<\/script>\n<!-- \/ Yoast SEO plugin. -->","yoast_head_json":{"title":"\u00bfQu\u00e9 es DA Portal? - ULINK DA Drive Analyzer","robots":{"index":"index","follow":"follow","max-snippet":"max-snippet:-1","max-image-preview":"max-image-preview:large","max-video-preview":"max-video-preview:-1"},"canonical":"https:\/\/ulink-da.com\/es\/que-es-da-portal\/","og_locale":"es_ES","og_type":"article","og_title":"\u00bfQu\u00e9 es DA Portal? - ULINK DA Drive Analyzer","og_description":"DA Portal es un panel en l\u00ednea que le brinda una mejor perspectiva del estado de sus unidades. Con DA Portal, puede realizar un seguimiento del estado de varios sistemas y gabinetes de unidades desde una \u00fanica ubicaci\u00f3n.Vea el historial de predicciones de fallas de unidad generadas por IA.Vea m\u00e9tricas de estado detalladas de sus unidades m\u00e1s all\u00e1 de los atributos SMART (aunque tambi\u00e9n los mostramos). Resuma los s\u00edntomas de su unidad defectuosa utilizando nuestro gr\u00e1fico de radar de s\u00edntomas.Configure notificaciones por correo electr\u00f3nico para saber cu\u00e1ndo una unidad tiene problemas o est\u00e1 a punto de fallar.Los usuarios de DA Drive Analyzer pueden iniciar sesi\u00f3n en DA Portal yendo al men\u00fa desplegable de DA Portal en la parte superior de esta p\u00e1gina y seleccionando la versi\u00f3n de DA Portal adecuada para usted.Para obtener m\u00e1s informaci\u00f3n, consulte los art\u00edculos de nuestro centro de ayuda sobre DA Portal.","og_url":"https:\/\/ulink-da.com\/es\/que-es-da-portal\/","og_site_name":"ULINK DA Drive Analyzer","article_modified_time":"2024-12-04T22:35:38+00:00","twitter_card":"summary_large_image","twitter_misc":{"Tiempo de lectura":"4 minutos"},"schema":{"@context":"https:\/\/schema.org","@graph":[{"@type":"WebPage","@id":"https:\/\/ulink-da.com\/es\/que-es-da-portal\/","url":"https:\/\/ulink-da.com\/es\/que-es-da-portal\/","name":"\u00bfQu\u00e9 es DA Portal? - ULINK DA Drive Analyzer","isPartOf":{"@id":"https:\/\/ulink-da.com\/es\/#website"},"datePublished":"2024-11-14T19:00:46+00:00","dateModified":"2024-12-04T22:35:38+00:00","breadcrumb":{"@id":"https:\/\/ulink-da.com\/es\/que-es-da-portal\/#breadcrumb"},"inLanguage":"es","potentialAction":[{"@type":"ReadAction","target":["https:\/\/ulink-da.com\/es\/que-es-da-portal\/"]}]},{"@type":"BreadcrumbList","@id":"https:\/\/ulink-da.com\/es\/que-es-da-portal\/#breadcrumb","itemListElement":[{"@type":"ListItem","position":1,"name":"Home","item":"https:\/\/ulink-da.com\/es\/"},{"@type":"ListItem","position":2,"name":"\u00bfQu\u00e9 es DA Portal?"}]},{"@type":"WebSite","@id":"https:\/\/ulink-da.com\/es\/#website","url":"https:\/\/ulink-da.com\/es\/","name":"ULINK DA","description":"AI-Based Disk Drive Failure Prediction Services","publisher":{"@id":"https:\/\/ulink-da.com\/es\/#organization"},"potentialAction":[{"@type":"SearchAction","target":{"@type":"EntryPoint","urlTemplate":"https:\/\/ulink-da.com\/es\/?s={search_term_string}"},"query-input":{"@type":"PropertyValueSpecification","valueRequired":true,"valueName":"search_term_string"}}],"inLanguage":"es"},{"@type":"Organization","@id":"https:\/\/ulink-da.com\/es\/#organization","name":"ULINK DA","url":"https:\/\/ulink-da.com\/es\/","logo":{"@type":"ImageObject","inLanguage":"es","@id":"https:\/\/ulink-da.com\/es\/#\/schema\/logo\/image\/","url":"https:\/\/ulink-da.com\/wp-content\/uploads\/2021\/02\/ulink_logo.png","contentUrl":"https:\/\/ulink-da.com\/wp-content\/uploads\/2021\/02\/ulink_logo.png","width":300,"height":80,"caption":"ULINK DA"},"image":{"@id":"https:\/\/ulink-da.com\/es\/#\/schema\/logo\/image\/"}}]}},"_links":{"self":[{"href":"https:\/\/ulink-da.com\/es\/wp-json\/wp\/v2\/pages\/239425","targetHints":{"allow":["GET"]}}],"collection":[{"href":"https:\/\/ulink-da.com\/es\/wp-json\/wp\/v2\/pages"}],"about":[{"href":"https:\/\/ulink-da.com\/es\/wp-json\/wp\/v2\/types\/page"}],"author":[{"embeddable":true,"href":"https:\/\/ulink-da.com\/es\/wp-json\/wp\/v2\/users\/55"}],"replies":[{"embeddable":true,"href":"https:\/\/ulink-da.com\/es\/wp-json\/wp\/v2\/comments?post=239425"}],"version-history":[{"count":0,"href":"https:\/\/ulink-da.com\/es\/wp-json\/wp\/v2\/pages\/239425\/revisions"}],"wp:attachment":[{"href":"https:\/\/ulink-da.com\/es\/wp-json\/wp\/v2\/media?parent=239425"}],"curies":[{"name":"wp","href":"https:\/\/api.w.org\/{rel}","templated":true}]}}