{"id":239689,"date":"2023-08-01T13:05:13","date_gmt":"2023-08-01T20:05:13","guid":{"rendered":"https:\/\/ulink-da.com\/supported-scsi-and-sas-ssds\/"},"modified":"2025-04-02T14:44:19","modified_gmt":"2025-04-02T21:44:19","slug":"supported-scsi-and-sas-ssds","status":"publish","type":"page","link":"https:\/\/ulink-da.com\/es\/supported-scsi-and-sas-ssds\/","title":{"rendered":"Supported SCSI and SAS SSDs"},"content":{"rendered":"<p>[et_pb_section fb_built=&#8221;1&#8243; admin_label=&#8221;Section&#8221; _builder_version=&#8221;4.23.1&#8243; _module_preset=&#8221;default&#8221; custom_padding=&#8221;30px||0px||false|false&#8221; locked=&#8221;off&#8221; collapsed=&#8221;off&#8221; global_colors_info=&#8221;{}&#8221;][et_pb_row _builder_version=&#8221;4.21.2&#8243; _module_preset=&#8221;default&#8221; custom_padding=&#8221;0px||||false|false&#8221; global_colors_info=&#8221;{}&#8221;][et_pb_column type=&#8221;4_4&#8243; _builder_version=&#8221;4.21.2&#8243; _module_preset=&#8221;default&#8221; global_colors_info=&#8221;{}&#8221;][et_pb_text admin_label=&#8221;Supported SCSI and SAS SSDs&#8221; _builder_version=&#8221;4.27.4&#8243; _module_preset=&#8221;default&#8221; text_font=&#8221;|700|||||||&#8221; text_text_color=&#8221;#000000&#8243; text_font_size=&#8221;40px&#8221; header_2_text_color=&#8221;#000000&#8243; text_orientation=&#8221;center&#8221; custom_padding=&#8221;30px||||false|false&#8221; hover_enabled=&#8221;0&#8243; global_colors_info=&#8221;{}&#8221; sticky_enabled=&#8221;0&#8243;]<\/p>\n<h1>Unidades SSD SCSI\/SAS admitidas conocidas<\/h1>\n<p>[\/et_pb_text][\/et_pb_column][\/et_pb_row][et_pb_row column_structure=&#8221;1_2,1_2&#8243; admin_label=&#8221;Row&#8221; _builder_version=&#8221;4.21.2&#8243; _module_preset=&#8221;default&#8221; custom_padding=&#8221;0px||0px||false|false&#8221; global_colors_info=&#8221;{}&#8221;][et_pb_column type=&#8221;1_2&#8243; _builder_version=&#8221;4.21.2&#8243; _module_preset=&#8221;default&#8221; global_colors_info=&#8221;{}&#8221;][et_pb_text admin_label=&#8221;Text&#8221; _builder_version=&#8221;4.21.2&#8243; _module_preset=&#8221;default&#8221; text_text_color=&#8221;#000000&#8243; text_orientation=&#8221;justified&#8221; custom_margin=&#8221;35px||||false|false&#8221; global_colors_info=&#8221;{}&#8221;]<\/p>\n<p>DA Drive Analyzer admite predicciones del estado de la unidad basadas en IA para la mayor\u00eda de los modelos de unidad. En la siguiente tabla se enumeran los modelos que tienen compatibilidad verificada. Esta tabla se actualiza con el tiempo con nuevos modelos de unidad. Esta tabla no es exhaustiva. La disponibilidad de funciones distintas de las predicciones del estado de la unidad basadas en IA variar\u00e1 seg\u00fan el conjunto de se\u00f1ales enviadas por cada modelo de unidad espec\u00edfico.<\/p>\n<p><\/p>\n<p>Descargo de responsabilidad: no se garantiza que esta tabla est\u00e9 libre de errores. Es posible que algunos modelos que se enumeran a continuaci\u00f3n no sean compatibles debido a variaciones en el firmware. Las unidades tambi\u00e9n pueden dejar de ser compatibles debido a fallas en la unidad que cambian el conjunto de indicadores de estado que env\u00eda la unidad.<\/p>\n<p>[\/et_pb_text][\/et_pb_column][et_pb_column type=&#8221;1_2&#8243; _builder_version=&#8221;4.21.2&#8243; _module_preset=&#8221;default&#8221; global_colors_info=&#8221;{}&#8221;][et_pb_image src=&#8221;https:\/\/ulink-da.com\/wp-content\/uploads\/2023\/07\/shutterstock_2305805039-scaled.jpg&#8221; alt=&#8221;alt text 1&#8243; title_text=&#8221;Server,Maintenance,Concept.,Man,With,Laptop,Near,Corporate,Storage.,Technical&#8221; align=&#8221;right&#8221; _builder_version=&#8221;4.21.2&#8243; _module_preset=&#8221;default&#8221; width=&#8221;65%&#8221; module_alignment=&#8221;right&#8221; global_colors_info=&#8221;{}&#8221;][\/et_pb_image][\/et_pb_column][\/et_pb_row][\/et_pb_section][et_pb_section fb_built=&#8221;1&#8243; _builder_version=&#8221;4.21.2&#8243; _module_preset=&#8221;default&#8221; custom_padding=&#8221;0px||||false|false&#8221; locked=&#8221;off&#8221; collapsed=&#8221;off&#8221; global_colors_info=&#8221;{}&#8221;][et_pb_row _builder_version=&#8221;4.21.2&#8243; _module_preset=&#8221;default&#8221; custom_padding=&#8221;0px||||false|false&#8221; global_colors_info=&#8221;{}&#8221;][et_pb_column type=&#8221;4_4&#8243; _builder_version=&#8221;4.21.2&#8243; _module_preset=&#8221;default&#8221; global_colors_info=&#8221;{}&#8221;][et_pb_text disabled_on=&#8221;on|on|on&#8221; admin_label=&#8221;Text&#8221; _builder_version=&#8221;4.21.2&#8243; _module_preset=&#8221;default&#8221; disabled=&#8221;on&#8221; global_colors_info=&#8221;{}&#8221;][\/et_pb_text][et_pb_code admin_label=&#8221;Code&#8221; module_id=&#8221;support-nvme&#8221; _builder_version=&#8221;4.23.1&#8243; _module_preset=&#8221;default&#8221; global_colors_info=&#8221;{}&#8221;]<!-- [et_pb_line_break_holder] -->    <\/p>\n<style><!-- [et_pb_line_break_holder] -->        .search-box {<!-- [et_pb_line_break_holder] -->            margin-bottom: 20px;<!-- [et_pb_line_break_holder] -->        }<!-- [et_pb_line_break_holder] --><!-- [et_pb_line_break_holder] -->        .search-box input {<!-- [et_pb_line_break_holder] -->            padding: 0.75em;<!-- [et_pb_line_break_holder] -->            width: 250px;<!-- [et_pb_line_break_holder] -->        }<!-- [et_pb_line_break_holder] --><!-- [et_pb_line_break_holder] -->        #dynamicTable thead tr th {<!-- [et_pb_line_break_holder] -->            text-align: center;<!-- [et_pb_line_break_holder] -->            font-size: 18px;<!-- [et_pb_line_break_holder] -->            color: #000000;<!-- [et_pb_line_break_holder] -->        }<!-- [et_pb_line_break_holder] -->        #dynamicTable tbody tr td { <!-- [et_pb_line_break_holder] -->          word-break: break-word;<!-- [et_pb_line_break_holder] -->      \t}<!-- [et_pb_line_break_holder] -->          <!-- [et_pb_line_break_holder] --><!-- [et_pb_line_break_holder] -->        table#dynamicTable {<!-- [et_pb_line_break_holder] -->            color: #000000;<!-- [et_pb_line_break_holder] -->          <!-- [et_pb_line_break_holder] -->        }<!-- [et_pb_line_break_holder] --><!-- [et_pb_line_break_holder] -->        #inputSearch {<!-- [et_pb_line_break_holder] -->            background-image: url('https:\/\/ulink-da.com\/wp-content\/uploads\/2023\/08\/search.png');<!-- [et_pb_line_break_holder] -->            background-repeat: no-repeat;<!-- [et_pb_line_break_holder] -->            background-position: left center;<!-- [et_pb_line_break_holder] -->            background-size: 30px;<!-- [et_pb_line_break_holder] -->            font-size: 16px;<!-- [et_pb_line_break_holder] -->            padding: 12px 20px 12px 40px;<!-- [et_pb_line_break_holder] -->            border: 1px solid #ddd;<!-- [et_pb_line_break_holder] -->            width: 300px;<!-- [et_pb_line_break_holder] -->        }<!-- [et_pb_line_break_holder] -->      <!-- [et_pb_line_break_holder] --><!-- [et_pb_line_break_holder] --><!-- [et_pb_line_break_holder] -->    <\/style>\n<p><!-- [et_pb_line_break_holder] -->    <\/p>\n<div class=\"search-box\"><!-- [et_pb_line_break_holder] -->        <input type=\"text\" id=\"inputSearch\" name=\"s\" placeholder=\"Search Drive Model Number\"><!-- [et_pb_line_break_holder] -->    <\/div>\n<p><!-- [et_pb_line_break_holder] -->    <\/p>\n<div style=\"overflow-x:auto;\"><!-- [et_pb_line_break_holder] -->        <\/p>\n<table id=\"dynamicTable\" border=\"1\"><!-- [et_pb_line_break_holder] -->            <\/p>\n<thead><!-- [et_pb_line_break_holder] -->                <\/p>\n<tr><!-- [et_pb_line_break_holder] -->                    <\/p>\n<th colspan=\"4\">Drive Model Number <\/th>\n<p><!-- [et_pb_line_break_holder] -->                <\/tr>\n<p>              <!-- [et_pb_line_break_holder] -->            <\/thead>\n<p><!-- [et_pb_line_break_holder] -->            <\/p>\n<tbody><!-- [et_pb_line_break_holder] -->               <\/p>\n<tr><!-- [et_pb_line_break_holder] -->                    <\/p>\n<td colspan=\"4\" style=\"text-align: center;\">Please wait&#8230; <\/td>\n<p><!-- [et_pb_line_break_holder] -->                <\/tr>\n<p><!-- [et_pb_line_break_holder] -->            <\/tbody>\n<p><!-- [et_pb_line_break_holder] -->        <\/table>\n<p><!-- [et_pb_line_break_holder] -->    <\/div>\n<p><!-- [et_pb_line_break_holder] -->    <script type=\"text\/javascript\"><!-- [et_pb_line_break_holder] -->        jQuery(\"#inputSearch\").on(\"input\", function (event) {         <!-- [et_pb_line_break_holder] -->            inputSearch(event.target.value);<!-- [et_pb_line_break_holder] -->        });<!-- [et_pb_line_break_holder] -->        var driveList = [];<!-- [et_pb_line_break_holder] -->        function inputSearch(searchText) {            <!-- [et_pb_line_break_holder] -->            searchText = searchText.toLowerCase().replace(\/^$|\\s+\/);<!-- [et_pb_line_break_holder] -->            const searchArray = [];<!-- [et_pb_line_break_holder] -->            if (searchText !== '' && searchText && searchText !== 'undefined') {<!-- [et_pb_line_break_holder] -->                for (let index = 0; index < driveList.length; index++) {<!-- [et_pb_line_break_holder] -->                    if (driveList[index].driveModelNumber.toLowerCase().replace(\/^$|\\s+\/).includes(searchText)) {<!-- [et_pb_line_break_holder] -->                        searchArray.push(driveList[index]);<!-- [et_pb_line_break_holder] -->                    }<!-- [et_pb_line_break_holder] -->                }<!-- [et_pb_line_break_holder] -->                if (searchArray.length !== 0) {<!-- [et_pb_line_break_holder] -->                    jQuery('#dynamicTable tbody').empty();<!-- [et_pb_line_break_holder] -->                    createTableRows(searchArray);<!-- [et_pb_line_break_holder] -->                } else {<!-- [et_pb_line_break_holder] -->                    dataNotFound();<!-- [et_pb_line_break_holder] -->                }<!-- [et_pb_line_break_holder] -->            } else{<!-- [et_pb_line_break_holder] -->                createTableRows(driveList);<!-- [et_pb_line_break_holder] -->            }<!-- [et_pb_line_break_holder] -->        }<!-- [et_pb_line_break_holder] --><!-- [et_pb_line_break_holder] -->      jQuery(document).ready(function () {<!-- [et_pb_line_break_holder] -->        showLoader();<!-- [et_pb_line_break_holder] -->   getDriveList();<!-- [et_pb_line_break_holder] -->});<!-- [et_pb_line_break_holder] -->      <!-- [et_pb_line_break_holder] -->      function getDriveList(){<!-- [et_pb_line_break_holder] -->       \tvar myHeaders = new Headers();<!-- [et_pb_line_break_holder] -->        var settings = {<!-- [et_pb_line_break_holder] -->            \"url\": \"https:\/\/qnap.ulinkda.com\/api\/get-ai-supported-drive-models\",<!-- [et_pb_line_break_holder] -->            \"method\": \"POST\",<!-- [et_pb_line_break_holder] -->            \"timeout\": 0,<!-- [et_pb_line_break_holder] -->            \"headers\": {<!-- [et_pb_line_break_holder] -->                \"Content-Type\": \"application\/json\"<!-- [et_pb_line_break_holder] -->            },<!-- [et_pb_line_break_holder] -->            \"data\": JSON.stringify({<!-- [et_pb_line_break_holder] -->                \"paginationRequest\": {<!-- [et_pb_line_break_holder] -->                    \"pageNumber\": 0,<!-- [et_pb_line_break_holder] -->                    \"pageSize\": 10000<!-- [et_pb_line_break_holder] -->                },<!-- [et_pb_line_break_holder] -->                \"driveInterfaceType\": \"SCSI\",<!-- [et_pb_line_break_holder] -->                \"driveType\": \"SSD\",<!-- [et_pb_line_break_holder] -->                \"driveModel\": null<!-- [et_pb_line_break_holder] -->            }),<!-- [et_pb_line_break_holder] -->        };<!-- [et_pb_line_break_holder] --><!-- [et_pb_line_break_holder] -->        jQuery.ajax(settings).done(function (response) {<!-- [et_pb_line_break_holder] -->            console.log(response);<!-- [et_pb_line_break_holder] -->            if (response.statusCode == 200) {<!-- [et_pb_line_break_holder] -->                driveList = response.response.driveList;<!-- [et_pb_line_break_holder] -->                if (response.response.driveList.length !== 0) {                  <!-- [et_pb_line_break_holder] -->                   createTableRows(response.response.driveList);                 <!-- [et_pb_line_break_holder] -->                } else {<!-- [et_pb_line_break_holder] -->                    dataNotFound();<!-- [et_pb_line_break_holder] -->                }<!-- [et_pb_line_break_holder] -->            }<!-- [et_pb_line_break_holder] -->        }); <!-- [et_pb_line_break_holder] -->      }<!-- [et_pb_line_break_holder] -->        <!-- [et_pb_line_break_holder] -->      function showLoader(){<!-- [et_pb_line_break_holder] -->         jQuery('#dynamicTable tbody').empty();<!-- [et_pb_line_break_holder] -->            const tableBody = jQuery('#dynamicTable tbody');<!-- [et_pb_line_break_holder] -->            const row = jQuery('<\/p>\n<tr>');<!-- [et_pb_line_break_holder] -->            row.append(jQuery('<\/p>\n<td style=\"text-align: center;\" colspan=\"4\">').text(\"Please wait...\"));<!-- [et_pb_line_break_holder] -->            tableBody.append(row);<!-- [et_pb_line_break_holder] -->      }<!-- [et_pb_line_break_holder] --><!-- [et_pb_line_break_holder] -->        function createTableRows(array) {<!-- [et_pb_line_break_holder] -->         \t\tjQuery('#dynamicTable tbody').empty();          <!-- [et_pb_line_break_holder] -->            const tableBody = jQuery('#dynamicTable tbody');<!-- [et_pb_line_break_holder] -->            let number = array.length<!-- [et_pb_line_break_holder] -->            while (number % 4 !== 0) {<!-- [et_pb_line_break_holder] -->                array.push({<!-- [et_pb_line_break_holder] -->                    \"driveModelNumber\": \"\",<!-- [et_pb_line_break_holder] -->                    \"driveType\": \"SSD\",<!-- [et_pb_line_break_holder] -->                    \"interfaceType\": \"SCSI\",<!-- [et_pb_line_break_holder] -->                    \"aiPredSupported\": \"YES\"<!-- [et_pb_line_break_holder] -->                })<!-- [et_pb_line_break_holder] -->                number++;<!-- [et_pb_line_break_holder] -->            }<!-- [et_pb_line_break_holder] -->            for (let index = 0; index < array.length; index = index + 4) {<!-- [et_pb_line_break_holder] -->                const row = jQuery('<\/p>\n<tr>');<!-- [et_pb_line_break_holder] -->                row.append(jQuery('<\/p>\n<td>').text(array[index].driveModelNumber));<!-- [et_pb_line_break_holder] -->                row.append(jQuery('<\/p>\n<td>').text(array[index + 1].driveModelNumber));<!-- [et_pb_line_break_holder] -->                row.append(jQuery('<\/p>\n<td>').text(array[index + 2].driveModelNumber));<!-- [et_pb_line_break_holder] -->                row.append(jQuery('<\/p>\n<td>').text(array[index + 3].driveModelNumber));<!-- [et_pb_line_break_holder] -->                tableBody.append(row);<!-- [et_pb_line_break_holder] -->            }<!-- [et_pb_line_break_holder] -->        }<!-- [et_pb_line_break_holder] --><!-- [et_pb_line_break_holder] -->        function dataNotFound() {<!-- [et_pb_line_break_holder] -->          jQuery('#dynamicTable tbody').empty();<!-- [et_pb_line_break_holder] -->          const tableBody = jQuery('#dynamicTable tbody');<!-- [et_pb_line_break_holder] --> \t\t\t\tconst row = jQuery('<\/p>\n<tr>');<!-- [et_pb_line_break_holder] -->          row.append(jQuery('<\/p>\n<td style=\"text-align: center;\">').text(\"Drive Model Number Not Found\"));<!-- [et_pb_line_break_holder] -->          tableBody.append(row);<!-- [et_pb_line_break_holder] -->        }<!-- [et_pb_line_break_holder] --><!-- [et_pb_line_break_holder] -->    <\/script><!-- [et_pb_line_break_holder] -->[\/et_pb_code][\/et_pb_column][\/et_pb_row][\/et_pb_section]<\/p>\n","protected":false},"excerpt":{"rendered":"<p>Unidades SSD SCSI\/SAS admitidas conocidasDA Drive Analyzer admite predicciones del estado de la unidad basadas en IA para la mayor\u00eda de los modelos de unidad. En la siguiente tabla se enumeran los modelos que tienen compatibilidad verificada. Esta tabla se actualiza con el tiempo con nuevos modelos de unidad. Esta tabla no es exhaustiva. La disponibilidad de funciones distintas de las predicciones del estado de la unidad basadas en IA variar\u00e1 seg\u00fan el conjunto de se\u00f1ales enviadas por cada modelo de unidad espec\u00edfico.Descargo de responsabilidad: no se garantiza que esta tabla est\u00e9 libre de errores. Es posible que algunos modelos que se enumeran a continuaci\u00f3n no sean compatibles debido a variaciones en el firmware. Las unidades tambi\u00e9n pueden dejar de ser compatibles debido a fallas en la unidad que cambian el conjunto de indicadores de estado que env\u00eda la unidad.<\/p>\n","protected":false},"author":55,"featured_media":0,"parent":0,"menu_order":0,"comment_status":"closed","ping_status":"closed","template":"","meta":{"_et_pb_use_builder":"on","_et_pb_old_content":"","_et_gb_content_width":"","footnotes":""},"class_list":["post-239689","page","type-page","status-publish","hentry"],"yoast_head":"<!-- This site is optimized with the Yoast SEO plugin v27.3 - https:\/\/yoast.com\/product\/yoast-seo-wordpress\/ -->\n<title>Supported SCSI and SAS SSDs - ULINK DA Drive Analyzer<\/title>\n<meta name=\"robots\" content=\"index, follow, max-snippet:-1, max-image-preview:large, max-video-preview:-1\" \/>\n<link rel=\"canonical\" href=\"https:\/\/ulink-da.com\/es\/supported-scsi-and-sas-ssds\/\" \/>\n<meta property=\"og:locale\" content=\"es_ES\" \/>\n<meta property=\"og:type\" content=\"article\" \/>\n<meta property=\"og:title\" content=\"Supported SCSI and SAS SSDs - ULINK DA Drive Analyzer\" \/>\n<meta property=\"og:description\" content=\"Unidades SSD SCSI\/SAS admitidas conocidasDA Drive Analyzer admite predicciones del estado de la unidad basadas en IA para la mayor\u00eda de los modelos de unidad. En la siguiente tabla se enumeran los modelos que tienen compatibilidad verificada. Esta tabla se actualiza con el tiempo con nuevos modelos de unidad. Esta tabla no es exhaustiva. La disponibilidad de funciones distintas de las predicciones del estado de la unidad basadas en IA variar\u00e1 seg\u00fan el conjunto de se\u00f1ales enviadas por cada modelo de unidad espec\u00edfico.Descargo de responsabilidad: no se garantiza que esta tabla est\u00e9 libre de errores. Es posible que algunos modelos que se enumeran a continuaci\u00f3n no sean compatibles debido a variaciones en el firmware. Las unidades tambi\u00e9n pueden dejar de ser compatibles debido a fallas en la unidad que cambian el conjunto de indicadores de estado que env\u00eda la unidad.\" \/>\n<meta property=\"og:url\" content=\"https:\/\/ulink-da.com\/es\/supported-scsi-and-sas-ssds\/\" \/>\n<meta property=\"og:site_name\" content=\"ULINK DA Drive Analyzer\" \/>\n<meta property=\"article:modified_time\" content=\"2025-04-02T21:44:19+00:00\" \/>\n<meta name=\"twitter:card\" content=\"summary_large_image\" \/>\n<meta name=\"twitter:label1\" content=\"Tiempo de lectura\" \/>\n\t<meta name=\"twitter:data1\" content=\"2 minutos\" \/>\n<script type=\"application\/ld+json\" class=\"yoast-schema-graph\">{\"@context\":\"https:\\\/\\\/schema.org\",\"@graph\":[{\"@type\":\"WebPage\",\"@id\":\"https:\\\/\\\/ulink-da.com\\\/es\\\/supported-scsi-and-sas-ssds\\\/\",\"url\":\"https:\\\/\\\/ulink-da.com\\\/es\\\/supported-scsi-and-sas-ssds\\\/\",\"name\":\"Supported SCSI and SAS SSDs - ULINK DA Drive Analyzer\",\"isPartOf\":{\"@id\":\"https:\\\/\\\/ulink-da.com\\\/es\\\/#website\"},\"datePublished\":\"2023-08-01T20:05:13+00:00\",\"dateModified\":\"2025-04-02T21:44:19+00:00\",\"breadcrumb\":{\"@id\":\"https:\\\/\\\/ulink-da.com\\\/es\\\/supported-scsi-and-sas-ssds\\\/#breadcrumb\"},\"inLanguage\":\"es\",\"potentialAction\":[{\"@type\":\"ReadAction\",\"target\":[\"https:\\\/\\\/ulink-da.com\\\/es\\\/supported-scsi-and-sas-ssds\\\/\"]}]},{\"@type\":\"BreadcrumbList\",\"@id\":\"https:\\\/\\\/ulink-da.com\\\/es\\\/supported-scsi-and-sas-ssds\\\/#breadcrumb\",\"itemListElement\":[{\"@type\":\"ListItem\",\"position\":1,\"name\":\"Home\",\"item\":\"https:\\\/\\\/ulink-da.com\\\/es\\\/\"},{\"@type\":\"ListItem\",\"position\":2,\"name\":\"Supported SCSI and SAS SSDs\"}]},{\"@type\":\"WebSite\",\"@id\":\"https:\\\/\\\/ulink-da.com\\\/es\\\/#website\",\"url\":\"https:\\\/\\\/ulink-da.com\\\/es\\\/\",\"name\":\"ULINK DA\",\"description\":\"AI-Based Disk Drive Failure Prediction Services\",\"publisher\":{\"@id\":\"https:\\\/\\\/ulink-da.com\\\/es\\\/#organization\"},\"potentialAction\":[{\"@type\":\"SearchAction\",\"target\":{\"@type\":\"EntryPoint\",\"urlTemplate\":\"https:\\\/\\\/ulink-da.com\\\/es\\\/?s={search_term_string}\"},\"query-input\":{\"@type\":\"PropertyValueSpecification\",\"valueRequired\":true,\"valueName\":\"search_term_string\"}}],\"inLanguage\":\"es\"},{\"@type\":\"Organization\",\"@id\":\"https:\\\/\\\/ulink-da.com\\\/es\\\/#organization\",\"name\":\"ULINK DA\",\"url\":\"https:\\\/\\\/ulink-da.com\\\/es\\\/\",\"logo\":{\"@type\":\"ImageObject\",\"inLanguage\":\"es\",\"@id\":\"https:\\\/\\\/ulink-da.com\\\/es\\\/#\\\/schema\\\/logo\\\/image\\\/\",\"url\":\"https:\\\/\\\/ulink-da.com\\\/wp-content\\\/uploads\\\/2021\\\/02\\\/ulink_logo.png\",\"contentUrl\":\"https:\\\/\\\/ulink-da.com\\\/wp-content\\\/uploads\\\/2021\\\/02\\\/ulink_logo.png\",\"width\":300,\"height\":80,\"caption\":\"ULINK DA\"},\"image\":{\"@id\":\"https:\\\/\\\/ulink-da.com\\\/es\\\/#\\\/schema\\\/logo\\\/image\\\/\"}}]}<\/script>\n<!-- \/ Yoast SEO plugin. -->","yoast_head_json":{"title":"Supported SCSI and SAS SSDs - ULINK DA Drive Analyzer","robots":{"index":"index","follow":"follow","max-snippet":"max-snippet:-1","max-image-preview":"max-image-preview:large","max-video-preview":"max-video-preview:-1"},"canonical":"https:\/\/ulink-da.com\/es\/supported-scsi-and-sas-ssds\/","og_locale":"es_ES","og_type":"article","og_title":"Supported SCSI and SAS SSDs - ULINK DA Drive Analyzer","og_description":"Unidades SSD SCSI\/SAS admitidas conocidasDA Drive Analyzer admite predicciones del estado de la unidad basadas en IA para la mayor\u00eda de los modelos de unidad. En la siguiente tabla se enumeran los modelos que tienen compatibilidad verificada. Esta tabla se actualiza con el tiempo con nuevos modelos de unidad. Esta tabla no es exhaustiva. La disponibilidad de funciones distintas de las predicciones del estado de la unidad basadas en IA variar\u00e1 seg\u00fan el conjunto de se\u00f1ales enviadas por cada modelo de unidad espec\u00edfico.Descargo de responsabilidad: no se garantiza que esta tabla est\u00e9 libre de errores. Es posible que algunos modelos que se enumeran a continuaci\u00f3n no sean compatibles debido a variaciones en el firmware. Las unidades tambi\u00e9n pueden dejar de ser compatibles debido a fallas en la unidad que cambian el conjunto de indicadores de estado que env\u00eda la unidad.","og_url":"https:\/\/ulink-da.com\/es\/supported-scsi-and-sas-ssds\/","og_site_name":"ULINK DA Drive Analyzer","article_modified_time":"2025-04-02T21:44:19+00:00","twitter_card":"summary_large_image","twitter_misc":{"Tiempo de lectura":"2 minutos"},"schema":{"@context":"https:\/\/schema.org","@graph":[{"@type":"WebPage","@id":"https:\/\/ulink-da.com\/es\/supported-scsi-and-sas-ssds\/","url":"https:\/\/ulink-da.com\/es\/supported-scsi-and-sas-ssds\/","name":"Supported SCSI and SAS SSDs - ULINK DA Drive Analyzer","isPartOf":{"@id":"https:\/\/ulink-da.com\/es\/#website"},"datePublished":"2023-08-01T20:05:13+00:00","dateModified":"2025-04-02T21:44:19+00:00","breadcrumb":{"@id":"https:\/\/ulink-da.com\/es\/supported-scsi-and-sas-ssds\/#breadcrumb"},"inLanguage":"es","potentialAction":[{"@type":"ReadAction","target":["https:\/\/ulink-da.com\/es\/supported-scsi-and-sas-ssds\/"]}]},{"@type":"BreadcrumbList","@id":"https:\/\/ulink-da.com\/es\/supported-scsi-and-sas-ssds\/#breadcrumb","itemListElement":[{"@type":"ListItem","position":1,"name":"Home","item":"https:\/\/ulink-da.com\/es\/"},{"@type":"ListItem","position":2,"name":"Supported SCSI and SAS SSDs"}]},{"@type":"WebSite","@id":"https:\/\/ulink-da.com\/es\/#website","url":"https:\/\/ulink-da.com\/es\/","name":"ULINK DA","description":"AI-Based Disk Drive Failure Prediction Services","publisher":{"@id":"https:\/\/ulink-da.com\/es\/#organization"},"potentialAction":[{"@type":"SearchAction","target":{"@type":"EntryPoint","urlTemplate":"https:\/\/ulink-da.com\/es\/?s={search_term_string}"},"query-input":{"@type":"PropertyValueSpecification","valueRequired":true,"valueName":"search_term_string"}}],"inLanguage":"es"},{"@type":"Organization","@id":"https:\/\/ulink-da.com\/es\/#organization","name":"ULINK DA","url":"https:\/\/ulink-da.com\/es\/","logo":{"@type":"ImageObject","inLanguage":"es","@id":"https:\/\/ulink-da.com\/es\/#\/schema\/logo\/image\/","url":"https:\/\/ulink-da.com\/wp-content\/uploads\/2021\/02\/ulink_logo.png","contentUrl":"https:\/\/ulink-da.com\/wp-content\/uploads\/2021\/02\/ulink_logo.png","width":300,"height":80,"caption":"ULINK DA"},"image":{"@id":"https:\/\/ulink-da.com\/es\/#\/schema\/logo\/image\/"}}]}},"_links":{"self":[{"href":"https:\/\/ulink-da.com\/es\/wp-json\/wp\/v2\/pages\/239689","targetHints":{"allow":["GET"]}}],"collection":[{"href":"https:\/\/ulink-da.com\/es\/wp-json\/wp\/v2\/pages"}],"about":[{"href":"https:\/\/ulink-da.com\/es\/wp-json\/wp\/v2\/types\/page"}],"author":[{"embeddable":true,"href":"https:\/\/ulink-da.com\/es\/wp-json\/wp\/v2\/users\/55"}],"replies":[{"embeddable":true,"href":"https:\/\/ulink-da.com\/es\/wp-json\/wp\/v2\/comments?post=239689"}],"version-history":[{"count":0,"href":"https:\/\/ulink-da.com\/es\/wp-json\/wp\/v2\/pages\/239689\/revisions"}],"wp:attachment":[{"href":"https:\/\/ulink-da.com\/es\/wp-json\/wp\/v2\/media?parent=239689"}],"curies":[{"name":"wp","href":"https:\/\/api.w.org\/{rel}","templated":true}]}}